{"id":16,"date":"2024-11-27T23:57:48","date_gmt":"2024-11-27T23:57:48","guid":{"rendered":"https:\/\/tecnomicros.com\/portal\/?page_id=16"},"modified":"2025-08-26T01:23:59","modified_gmt":"2025-08-26T01:23:59","slug":"nosotros","status":"publish","type":"page","link":"https:\/\/tecnomicros.com\/portal\/index.php\/nosotros\/","title":{"rendered":"Nosotros"},"content":{"rendered":"\n<h2 class=\"wp-block-heading has-foreground-color has-text-color has-link-color wp-elements-a88c27adaf2289df4ce1b223b8e5e928\" id=\"inspiro-is-a-digital-product-agency-that-focuses-on-strategy-and-design\" style=\"font-size:36px\">Compromiso, Visi\u00f3n y Excelencia en Servicios<\/h2>\n\n\n\n<p class=\"has-footer-bg-color has-text-color has-link-color has-medium-font-size wp-elements-c3f91b381bb001d805c12365ffb812eb\">Descubre los valores que nos inspiran, nuestra filosof\u00eda de trabajo y los servicios que nos destacan.<\/p>\n\n\n\n<div style=\"height:25px\" aria-hidden=\"true\" class=\"wp-block-spacer\"><\/div>\n\n\n\n<div class=\"wp-block-columns alignwide is-layout-flex wp-container-core-columns-is-layout-28f84493 wp-block-columns-is-layout-flex\">\n<div class=\"wp-block-column is-layout-flow wp-block-column-is-layout-flow\">\n<figure class=\"wp-block-image size-large has-custom-border\"><img fetchpriority=\"high\" decoding=\"async\" width=\"1024\" height=\"791\" src=\"https:\/\/tecnomicros.com\/portal\/wp-content\/uploads\/2024\/11\/12-1024x791.jpg\" alt=\"\" class=\"wp-image-358\" style=\"border-radius:5px\" srcset=\"https:\/\/tecnomicros.com\/portal\/wp-content\/uploads\/2024\/11\/12-1024x791.jpg 1024w, https:\/\/tecnomicros.com\/portal\/wp-content\/uploads\/2024\/11\/12-300x232.jpg 300w, https:\/\/tecnomicros.com\/portal\/wp-content\/uploads\/2024\/11\/12-768x593.jpg 768w, https:\/\/tecnomicros.com\/portal\/wp-content\/uploads\/2024\/11\/12.jpg 1056w\" sizes=\"(max-width: 1024px) 100vw, 1024px\" \/><\/figure>\n\n\n\n<p class=\"has-text-align-center has-text-color has-medium-font-size\" style=\"color:#62c3c6\"><strong>VALORES<\/strong><\/p>\n\n\n\n<p class=\"has-text-align-center has-foreground-color has-text-color has-medium-font-size\">En Tecno Micros valoramos la honestidad, la calidad y el compromiso. Creemos en ofrecer un servicio transparente y soluciones certificadas que garanticen la confianza de nuestros clientes, enfoc\u00e1ndonos siempre en satisfacer sus necesidades con profesionalismo y dedicaci\u00f3n.<\/p>\n<\/div>\n\n\n\n<div class=\"wp-block-column is-layout-flow wp-block-column-is-layout-flow\">\n<figure class=\"wp-block-image size-large has-custom-border\"><img decoding=\"async\" width=\"1024\" height=\"791\" src=\"https:\/\/tecnomicros.com\/portal\/wp-content\/uploads\/2024\/11\/13-1024x791.jpg\" alt=\"\" class=\"wp-image-359\" style=\"border-radius:5px\" srcset=\"https:\/\/tecnomicros.com\/portal\/wp-content\/uploads\/2024\/11\/13-1024x791.jpg 1024w, https:\/\/tecnomicros.com\/portal\/wp-content\/uploads\/2024\/11\/13-300x232.jpg 300w, https:\/\/tecnomicros.com\/portal\/wp-content\/uploads\/2024\/11\/13-768x593.jpg 768w, https:\/\/tecnomicros.com\/portal\/wp-content\/uploads\/2024\/11\/13.jpg 1056w\" sizes=\"(max-width: 1024px) 100vw, 1024px\" \/><\/figure>\n\n\n\n<p class=\"has-text-align-center has-text-color has-medium-font-size\" style=\"color:#62c3c6\"><strong>FILOSOF\u00cdA<\/strong><\/p>\n\n\n\n<p class=\"has-text-align-center has-foreground-color has-text-color has-medium-font-size\">Nuestra filosof\u00eda se basa en brindar soluciones tecnol\u00f3gicas integrales que prioricen la satisfacci\u00f3n del cliente. Nos esforzamos por garantizar el \u00f3ptimo funcionamiento de sus equipos, ofreciendo servicios adaptados a cada necesidad con un enfoque en la excelencia y la innovaci\u00f3n constante.<\/p>\n<\/div>\n\n\n\n<div class=\"wp-block-column is-layout-flow wp-block-column-is-layout-flow\">\n<figure class=\"wp-block-image size-large has-custom-border\"><img decoding=\"async\" width=\"1024\" height=\"791\" src=\"https:\/\/tecnomicros.com\/portal\/wp-content\/uploads\/2024\/11\/Summa-Logo-FInal.pdf-1024x791.jpg\" alt=\"\" class=\"wp-image-483\" style=\"border-radius:5px\" srcset=\"https:\/\/tecnomicros.com\/portal\/wp-content\/uploads\/2024\/11\/Summa-Logo-FInal.pdf-1024x791.jpg 1024w, https:\/\/tecnomicros.com\/portal\/wp-content\/uploads\/2024\/11\/Summa-Logo-FInal.pdf-300x232.jpg 300w, https:\/\/tecnomicros.com\/portal\/wp-content\/uploads\/2024\/11\/Summa-Logo-FInal.pdf-768x593.jpg 768w, https:\/\/tecnomicros.com\/portal\/wp-content\/uploads\/2024\/11\/Summa-Logo-FInal.pdf.jpg 1056w\" sizes=\"(max-width: 1024px) 100vw, 1024px\" \/><\/figure>\n\n\n\n<p class=\"has-text-align-center has-text-color has-medium-font-size\" style=\"color:#62c3c6\"><strong>SERVICIOS<\/strong><\/p>\n\n\n\n<p class=\"has-text-align-center has-foreground-color has-text-color has-medium-font-size\">Ofrecemos mantenimiento y reparaci\u00f3n de impresoras, proyectores y esc\u00e1neres, adem\u00e1s de repuestos originales y atenci\u00f3n de garant\u00edas. Nuestro servicio incluye mantenimiento preventivo y correctivo, asegurando que tus equipos est\u00e9n siempre en perfectas condiciones de uso.<\/p>\n<\/div>\n<\/div>\n\n\n\n<div style=\"height:24px\" aria-hidden=\"true\" class=\"wp-block-spacer\"><\/div>\n\n\n\n<figure class=\"wp-block-image aligncenter size-large is-resized\"><img loading=\"lazy\" decoding=\"async\" width=\"1024\" height=\"373\" src=\"https:\/\/tecnomicros.com\/portal\/wp-content\/uploads\/2024\/11\/Diseno-sin-titulo-9-1024x373.png\" alt=\"\" class=\"wp-image-29\" style=\"width:370px;height:auto\" srcset=\"https:\/\/tecnomicros.com\/portal\/wp-content\/uploads\/2024\/11\/Diseno-sin-titulo-9-1024x373.png 1024w, https:\/\/tecnomicros.com\/portal\/wp-content\/uploads\/2024\/11\/Diseno-sin-titulo-9-300x109.png 300w, https:\/\/tecnomicros.com\/portal\/wp-content\/uploads\/2024\/11\/Diseno-sin-titulo-9-768x280.png 768w, https:\/\/tecnomicros.com\/portal\/wp-content\/uploads\/2024\/11\/Diseno-sin-titulo-9-1536x560.png 1536w, https:\/\/tecnomicros.com\/portal\/wp-content\/uploads\/2024\/11\/Diseno-sin-titulo-9-2048x747.png 2048w\" sizes=\"(max-width: 1024px) 100vw, 1024px\" \/><\/figure>\n\n\n\n<p><\/p>\n","protected":false},"excerpt":{"rendered":"<p>Compromiso, Visi\u00f3n y Excelencia en Servicios Descubre los valores que nos inspiran, nuestra filosof\u00eda de trabajo y los servicios que nos destacan. VALORES En Tecno Micros valoramos la honestidad, la calidad y el compromiso. Creemos en ofrecer un servicio transparente y soluciones certificadas que garanticen la confianza de nuestros clientes, enfoc\u00e1ndonos siempre en satisfacer sus [&hellip;]<\/p>\n","protected":false},"author":1,"featured_media":13,"parent":0,"menu_order":0,"comment_status":"closed","ping_status":"closed","template":"","meta":{"content-type":"","_joinchat":[],"footnotes":""},"class_list":["post-16","page","type-page","status-publish","has-post-thumbnail","hentry"],"yoast_head":"<!-- This site is optimized with the Yoast SEO plugin v23.9 - https:\/\/yoast.com\/wordpress\/plugins\/seo\/ -->\n<title>Nosotros - TecnoMicros<\/title>\n<meta name=\"robots\" content=\"index, follow, max-snippet:-1, max-image-preview:large, max-video-preview:-1\" \/>\n<link rel=\"canonical\" href=\"https:\/\/tecnomicros.com\/portal\/index.php\/nosotros\/\" \/>\n<meta property=\"og:locale\" content=\"es_ES\" \/>\n<meta property=\"og:type\" content=\"article\" \/>\n<meta property=\"og:title\" content=\"Nosotros - TecnoMicros\" \/>\n<meta property=\"og:description\" content=\"Compromiso, Visi\u00f3n y Excelencia en Servicios Descubre los valores que nos inspiran, nuestra filosof\u00eda de trabajo y los servicios que nos destacan. VALORES En Tecno Micros valoramos la honestidad, la calidad y el compromiso. Creemos en ofrecer un servicio transparente y soluciones certificadas que garanticen la confianza de nuestros clientes, enfoc\u00e1ndonos siempre en satisfacer sus [&hellip;]\" \/>\n<meta property=\"og:url\" content=\"https:\/\/tecnomicros.com\/portal\/index.php\/nosotros\/\" \/>\n<meta property=\"og:site_name\" content=\"TecnoMicros\" \/>\n<meta property=\"article:modified_time\" content=\"2025-08-26T01:23:59+00:00\" \/>\n<meta property=\"og:image\" content=\"https:\/\/tecnomicros.com\/portal\/wp-content\/uploads\/2024\/11\/StockSnap_M6D1GS9PSL-1.jpg\" \/>\n\t<meta property=\"og:image:width\" content=\"2000\" \/>\n\t<meta property=\"og:image:height\" content=\"1317\" \/>\n\t<meta property=\"og:image:type\" content=\"image\/jpeg\" \/>\n<meta name=\"twitter:card\" content=\"summary_large_image\" \/>\n<meta name=\"twitter:label1\" content=\"Tiempo de lectura\" \/>\n\t<meta name=\"twitter:data1\" content=\"2 minutos\" \/>\n<script type=\"application\/ld+json\" class=\"yoast-schema-graph\">{\"@context\":\"https:\/\/schema.org\",\"@graph\":[{\"@type\":\"WebPage\",\"@id\":\"https:\/\/tecnomicros.com\/portal\/index.php\/nosotros\/\",\"url\":\"https:\/\/tecnomicros.com\/portal\/index.php\/nosotros\/\",\"name\":\"Nosotros - TecnoMicros\",\"isPartOf\":{\"@id\":\"https:\/\/tecnomicros.com\/portal\/#website\"},\"primaryImageOfPage\":{\"@id\":\"https:\/\/tecnomicros.com\/portal\/index.php\/nosotros\/#primaryimage\"},\"image\":{\"@id\":\"https:\/\/tecnomicros.com\/portal\/index.php\/nosotros\/#primaryimage\"},\"thumbnailUrl\":\"https:\/\/tecnomicros.com\/portal\/wp-content\/uploads\/2024\/11\/StockSnap_M6D1GS9PSL-1.jpg\",\"datePublished\":\"2024-11-27T23:57:48+00:00\",\"dateModified\":\"2025-08-26T01:23:59+00:00\",\"breadcrumb\":{\"@id\":\"https:\/\/tecnomicros.com\/portal\/index.php\/nosotros\/#breadcrumb\"},\"inLanguage\":\"es\",\"potentialAction\":[{\"@type\":\"ReadAction\",\"target\":[\"https:\/\/tecnomicros.com\/portal\/index.php\/nosotros\/\"]}]},{\"@type\":\"ImageObject\",\"inLanguage\":\"es\",\"@id\":\"https:\/\/tecnomicros.com\/portal\/index.php\/nosotros\/#primaryimage\",\"url\":\"https:\/\/tecnomicros.com\/portal\/wp-content\/uploads\/2024\/11\/StockSnap_M6D1GS9PSL-1.jpg\",\"contentUrl\":\"https:\/\/tecnomicros.com\/portal\/wp-content\/uploads\/2024\/11\/StockSnap_M6D1GS9PSL-1.jpg\",\"width\":2000,\"height\":1317},{\"@type\":\"BreadcrumbList\",\"@id\":\"https:\/\/tecnomicros.com\/portal\/index.php\/nosotros\/#breadcrumb\",\"itemListElement\":[{\"@type\":\"ListItem\",\"position\":1,\"name\":\"Portada\",\"item\":\"https:\/\/tecnomicros.com\/portal\/\"},{\"@type\":\"ListItem\",\"position\":2,\"name\":\"Nosotros\"}]},{\"@type\":\"WebSite\",\"@id\":\"https:\/\/tecnomicros.com\/portal\/#website\",\"url\":\"https:\/\/tecnomicros.com\/portal\/\",\"name\":\"TecnoMicros\",\"description\":\"\",\"publisher\":{\"@id\":\"https:\/\/tecnomicros.com\/portal\/#organization\"},\"potentialAction\":[{\"@type\":\"SearchAction\",\"target\":{\"@type\":\"EntryPoint\",\"urlTemplate\":\"https:\/\/tecnomicros.com\/portal\/?s={search_term_string}\"},\"query-input\":{\"@type\":\"PropertyValueSpecification\",\"valueRequired\":true,\"valueName\":\"search_term_string\"}}],\"inLanguage\":\"es\"},{\"@type\":\"Organization\",\"@id\":\"https:\/\/tecnomicros.com\/portal\/#organization\",\"name\":\"TecnoMicros\",\"url\":\"https:\/\/tecnomicros.com\/portal\/\",\"logo\":{\"@type\":\"ImageObject\",\"inLanguage\":\"es\",\"@id\":\"https:\/\/tecnomicros.com\/portal\/#\/schema\/logo\/image\/\",\"url\":\"https:\/\/tecnomicros.com\/portal\/wp-content\/uploads\/2024\/11\/Diseno-sin-titulo-9-1.png\",\"contentUrl\":\"https:\/\/tecnomicros.com\/portal\/wp-content\/uploads\/2024\/11\/Diseno-sin-titulo-9-1.png\",\"width\":2400,\"height\":875,\"caption\":\"TecnoMicros\"},\"image\":{\"@id\":\"https:\/\/tecnomicros.com\/portal\/#\/schema\/logo\/image\/\"}}]}<\/script>\n<!-- \/ Yoast SEO plugin. -->","yoast_head_json":{"title":"Nosotros - TecnoMicros","robots":{"index":"index","follow":"follow","max-snippet":"max-snippet:-1","max-image-preview":"max-image-preview:large","max-video-preview":"max-video-preview:-1"},"canonical":"https:\/\/tecnomicros.com\/portal\/index.php\/nosotros\/","og_locale":"es_ES","og_type":"article","og_title":"Nosotros - TecnoMicros","og_description":"Compromiso, Visi\u00f3n y Excelencia en Servicios Descubre los valores que nos inspiran, nuestra filosof\u00eda de trabajo y los servicios que nos destacan. VALORES En Tecno Micros valoramos la honestidad, la calidad y el compromiso. Creemos en ofrecer un servicio transparente y soluciones certificadas que garanticen la confianza de nuestros clientes, enfoc\u00e1ndonos siempre en satisfacer sus [&hellip;]","og_url":"https:\/\/tecnomicros.com\/portal\/index.php\/nosotros\/","og_site_name":"TecnoMicros","article_modified_time":"2025-08-26T01:23:59+00:00","og_image":[{"width":2000,"height":1317,"url":"https:\/\/tecnomicros.com\/portal\/wp-content\/uploads\/2024\/11\/StockSnap_M6D1GS9PSL-1.jpg","type":"image\/jpeg"}],"twitter_card":"summary_large_image","twitter_misc":{"Tiempo de lectura":"2 minutos"},"schema":{"@context":"https:\/\/schema.org","@graph":[{"@type":"WebPage","@id":"https:\/\/tecnomicros.com\/portal\/index.php\/nosotros\/","url":"https:\/\/tecnomicros.com\/portal\/index.php\/nosotros\/","name":"Nosotros - TecnoMicros","isPartOf":{"@id":"https:\/\/tecnomicros.com\/portal\/#website"},"primaryImageOfPage":{"@id":"https:\/\/tecnomicros.com\/portal\/index.php\/nosotros\/#primaryimage"},"image":{"@id":"https:\/\/tecnomicros.com\/portal\/index.php\/nosotros\/#primaryimage"},"thumbnailUrl":"https:\/\/tecnomicros.com\/portal\/wp-content\/uploads\/2024\/11\/StockSnap_M6D1GS9PSL-1.jpg","datePublished":"2024-11-27T23:57:48+00:00","dateModified":"2025-08-26T01:23:59+00:00","breadcrumb":{"@id":"https:\/\/tecnomicros.com\/portal\/index.php\/nosotros\/#breadcrumb"},"inLanguage":"es","potentialAction":[{"@type":"ReadAction","target":["https:\/\/tecnomicros.com\/portal\/index.php\/nosotros\/"]}]},{"@type":"ImageObject","inLanguage":"es","@id":"https:\/\/tecnomicros.com\/portal\/index.php\/nosotros\/#primaryimage","url":"https:\/\/tecnomicros.com\/portal\/wp-content\/uploads\/2024\/11\/StockSnap_M6D1GS9PSL-1.jpg","contentUrl":"https:\/\/tecnomicros.com\/portal\/wp-content\/uploads\/2024\/11\/StockSnap_M6D1GS9PSL-1.jpg","width":2000,"height":1317},{"@type":"BreadcrumbList","@id":"https:\/\/tecnomicros.com\/portal\/index.php\/nosotros\/#breadcrumb","itemListElement":[{"@type":"ListItem","position":1,"name":"Portada","item":"https:\/\/tecnomicros.com\/portal\/"},{"@type":"ListItem","position":2,"name":"Nosotros"}]},{"@type":"WebSite","@id":"https:\/\/tecnomicros.com\/portal\/#website","url":"https:\/\/tecnomicros.com\/portal\/","name":"TecnoMicros","description":"","publisher":{"@id":"https:\/\/tecnomicros.com\/portal\/#organization"},"potentialAction":[{"@type":"SearchAction","target":{"@type":"EntryPoint","urlTemplate":"https:\/\/tecnomicros.com\/portal\/?s={search_term_string}"},"query-input":{"@type":"PropertyValueSpecification","valueRequired":true,"valueName":"search_term_string"}}],"inLanguage":"es"},{"@type":"Organization","@id":"https:\/\/tecnomicros.com\/portal\/#organization","name":"TecnoMicros","url":"https:\/\/tecnomicros.com\/portal\/","logo":{"@type":"ImageObject","inLanguage":"es","@id":"https:\/\/tecnomicros.com\/portal\/#\/schema\/logo\/image\/","url":"https:\/\/tecnomicros.com\/portal\/wp-content\/uploads\/2024\/11\/Diseno-sin-titulo-9-1.png","contentUrl":"https:\/\/tecnomicros.com\/portal\/wp-content\/uploads\/2024\/11\/Diseno-sin-titulo-9-1.png","width":2400,"height":875,"caption":"TecnoMicros"},"image":{"@id":"https:\/\/tecnomicros.com\/portal\/#\/schema\/logo\/image\/"}}]}},"_links":{"self":[{"href":"https:\/\/tecnomicros.com\/portal\/index.php\/wp-json\/wp\/v2\/pages\/16","targetHints":{"allow":["GET"]}}],"collection":[{"href":"https:\/\/tecnomicros.com\/portal\/index.php\/wp-json\/wp\/v2\/pages"}],"about":[{"href":"https:\/\/tecnomicros.com\/portal\/index.php\/wp-json\/wp\/v2\/types\/page"}],"author":[{"embeddable":true,"href":"https:\/\/tecnomicros.com\/portal\/index.php\/wp-json\/wp\/v2\/users\/1"}],"replies":[{"embeddable":true,"href":"https:\/\/tecnomicros.com\/portal\/index.php\/wp-json\/wp\/v2\/comments?post=16"}],"version-history":[{"count":31,"href":"https:\/\/tecnomicros.com\/portal\/index.php\/wp-json\/wp\/v2\/pages\/16\/revisions"}],"predecessor-version":[{"id":736,"href":"https:\/\/tecnomicros.com\/portal\/index.php\/wp-json\/wp\/v2\/pages\/16\/revisions\/736"}],"wp:featuredmedia":[{"embeddable":true,"href":"https:\/\/tecnomicros.com\/portal\/index.php\/wp-json\/wp\/v2\/media\/13"}],"wp:attachment":[{"href":"https:\/\/tecnomicros.com\/portal\/index.php\/wp-json\/wp\/v2\/media?parent=16"}],"curies":[{"name":"wp","href":"https:\/\/api.w.org\/{rel}","templated":true}]}}