{"id":17,"date":"2024-11-27T23:57:48","date_gmt":"2024-11-27T23:57:48","guid":{"rendered":"https:\/\/tecnomicros.com\/portal\/?page_id=17"},"modified":"2025-08-26T01:14:30","modified_gmt":"2025-08-26T01:14:30","slug":"contacto-2","status":"publish","type":"page","link":"https:\/\/tecnomicros.com\/portal\/index.php\/contacto-2\/","title":{"rendered":"Contacto"},"content":{"rendered":"\n<h2 class=\"wp-block-heading has-text-align-center has-text-color has-link-color wp-elements-debc9ad638d3446e99cd84b3ccbfe433\" style=\"color:#62c3c6\">\u00a1Estamos Aqu\u00ed Para Ayudarte!<\/h2>\n\n\n\n<div style=\"height:4px\" aria-hidden=\"true\" class=\"wp-block-spacer\"><\/div>\n\n\n\n<div class=\"wp-block-group has-global-padding is-layout-constrained wp-block-group-is-layout-constrained\">\n<p class=\"has-text-align-center has-foreground-color has-text-color has-medium-font-size\">Por eso, ponemos a tu disposici\u00f3n un equipo t\u00e9cnico altamente capacitado para atender todas tus necesidades de mantenimiento, reparaci\u00f3n y suministro de repuestos originales.<\/p>\n\n\n\n<p class=\"has-text-align-center has-foreground-color has-text-color has-medium-font-size\">Si te encuentras en <strong>Bucaramanga<\/strong>, <strong>Medell\u00edn<\/strong> o sus zonas metropolitanas, puedes contar con nosotros para brindarte soluciones r\u00e1pidas, efectivas y certificadas. Desde la atenci\u00f3n de garant\u00edas hasta el mantenimiento correctivo y preventivo, nuestra prioridad es ofrecerte un servicio personalizado que supere tus expectativas.<\/p>\n\n\n\n<p class=\"has-text-align-center has-foreground-color has-text-color has-medium-font-size\">Ponte en contacto con nosotros y descubre c\u00f3mo podemos ayudarte. Ll\u00e1manos, env\u00edanos un correo electr\u00f3nico o vis\u00edtanos en nuestras sedes. Adem\u00e1s,<strong> contamos con canales de atenci\u00f3n digital para que puedas agendar tu mantenimiento o resolver cualquier duda de manera r\u00e1pida y sencilla.<\/strong><\/p>\n\n\n\n<p class=\"has-text-align-center has-foreground-color has-text-color has-medium-font-size\">\u00a1No esperes m\u00e1s! Perm\u00edtenos ser tu aliado en el cuidado de tus dispositivos tecnol\u00f3gicos. En <strong>Tecno Micros<\/strong>, nos aseguramos de que tus equipos funcionen como nuevos para que t\u00fa puedas enfocarte en lo que realmente importa. <strong>\u00a1Cont\u00e1ctanos!<\/strong><\/p>\n\n\n\n<div style=\"height:30px\" aria-hidden=\"true\" class=\"wp-block-spacer\"><\/div>\n<\/div>\n\n\n\n<div class=\"wp-block-columns is-layout-flex wp-container-core-columns-is-layout-28f84493 wp-block-columns-is-layout-flex\">\n<div class=\"wp-block-column is-layout-flow wp-block-column-is-layout-flow\">\n<div style=\"height:100px\" aria-hidden=\"true\" class=\"wp-block-spacer\"><\/div>\n<\/div>\n\n\n\n<div class=\"wp-block-column is-layout-flow wp-block-column-is-layout-flow\">\n<div class=\"wp-block-joinchat-button joinchat-button--qr-both has-border-color\" style=\"border-color:#25d366;border-style:solid;border-width:6px;border-radius:30px\"><figure><figcaption>Escanea el c\u00f3digo<\/figcaption><a class=\"joinchat-button__qr has-border-color\" style=\"border-color:#25d366;border-style:solid;border-width:6px;border-radius:30px\" href=\"#whatsapp\"><\/a><\/figure><a class=\"wp-block-button__link joinchat-button__link has-ffffff-color has-text-color has-background has-border-color\" style=\"border-color:#25d366;border-style:solid;border-width:6px;border-radius:30px;background-color:#25d366\" href=\"#whatsapp\"><span><strong>Open Chat<\/strong><\/span><\/a><\/div>\n<\/div>\n\n\n\n<div class=\"wp-block-column is-layout-flow wp-block-column-is-layout-flow\">\n<div class=\"wp-block-leadin-hubspot-form-block\">\n\t\t\t\t\t<script>\n\t\t\t\t\t\twindow.hsFormsOnReady = window.hsFormsOnReady || [];\n\t\t\t\t\t\twindow.hsFormsOnReady.push(()=>{\n\t\t\t\t\t\t\thbspt.forms.create({\n\t\t\t\t\t\t\t\tportalId: 48342287,\n\t\t\t\t\t\t\t\tformId: \"3771fa80-a150-4241-82aa-abcd1b640ed6\",\n\t\t\t\t\t\t\t\ttarget: \"#hbspt-form-1776603432000-0573396169\",\n\t\t\t\t\t\t\t\tregion: \"na1\",\n\t\t\t\t\t\t\t\t\n\t\t\t\t\t\t})});\n\t\t\t\t\t<\/script>\n\t\t\t\t\t<div class=\"hbspt-form\" id=\"hbspt-form-1776603432000-0573396169\"><\/div><\/div>\n<\/div>\n<\/div>\n\n\n\n<div style=\"height:30px\" aria-hidden=\"true\" class=\"wp-block-spacer\"><\/div>\n\n\n\n<div class=\"wp-block-group alignfull has-background has-global-padding is-layout-constrained wp-block-group-is-layout-constrained\" style=\"background-color:#f9f9f9\">\n<div class=\"wp-block-group is-layout-flow wp-block-group-is-layout-flow\">\n<figure class=\"wp-block-image aligncenter size-large is-resized\"><img fetchpriority=\"high\" decoding=\"async\" width=\"1024\" height=\"373\" src=\"https:\/\/tecnomicros.com\/portal\/wp-content\/uploads\/2024\/11\/Diseno-sin-titulo-9-1024x373.png\" alt=\"\" class=\"wp-image-29\" style=\"width:351px;height:auto\" srcset=\"https:\/\/tecnomicros.com\/portal\/wp-content\/uploads\/2024\/11\/Diseno-sin-titulo-9-1024x373.png 1024w, https:\/\/tecnomicros.com\/portal\/wp-content\/uploads\/2024\/11\/Diseno-sin-titulo-9-300x109.png 300w, https:\/\/tecnomicros.com\/portal\/wp-content\/uploads\/2024\/11\/Diseno-sin-titulo-9-768x280.png 768w, https:\/\/tecnomicros.com\/portal\/wp-content\/uploads\/2024\/11\/Diseno-sin-titulo-9-1536x560.png 1536w, https:\/\/tecnomicros.com\/portal\/wp-content\/uploads\/2024\/11\/Diseno-sin-titulo-9-2048x747.png 2048w\" sizes=\"(max-width: 1024px) 100vw, 1024px\" \/><\/figure>\n<\/div>\n<\/div>\n\n\n\n<p><\/p>\n","protected":false},"excerpt":{"rendered":"<p>\u00a1Estamos Aqu\u00ed Para Ayudarte! Por eso, ponemos a tu disposici\u00f3n un equipo t\u00e9cnico altamente capacitado para atender todas tus necesidades de mantenimiento, reparaci\u00f3n y suministro de repuestos originales. Si te encuentras en Bucaramanga, Medell\u00edn o sus zonas metropolitanas, puedes contar con nosotros para brindarte soluciones r\u00e1pidas, efectivas y certificadas. Desde la atenci\u00f3n de garant\u00edas hasta [&hellip;]<\/p>\n","protected":false},"author":1,"featured_media":14,"parent":0,"menu_order":0,"comment_status":"closed","ping_status":"closed","template":"","meta":{"content-type":"","_joinchat":[],"footnotes":""},"class_list":["post-17","page","type-page","status-publish","has-post-thumbnail","hentry"],"yoast_head":"<!-- This site is optimized with the Yoast SEO plugin v23.9 - https:\/\/yoast.com\/wordpress\/plugins\/seo\/ -->\n<title>Contacto - TecnoMicros<\/title>\n<meta name=\"robots\" content=\"index, follow, max-snippet:-1, max-image-preview:large, max-video-preview:-1\" \/>\n<link rel=\"canonical\" href=\"https:\/\/tecnomicros.com\/portal\/index.php\/contacto-2\/\" \/>\n<meta property=\"og:locale\" content=\"es_ES\" \/>\n<meta property=\"og:type\" content=\"article\" \/>\n<meta property=\"og:title\" content=\"Contacto - TecnoMicros\" \/>\n<meta property=\"og:description\" content=\"\u00a1Estamos Aqu\u00ed Para Ayudarte! Por eso, ponemos a tu disposici\u00f3n un equipo t\u00e9cnico altamente capacitado para atender todas tus necesidades de mantenimiento, reparaci\u00f3n y suministro de repuestos originales. Si te encuentras en Bucaramanga, Medell\u00edn o sus zonas metropolitanas, puedes contar con nosotros para brindarte soluciones r\u00e1pidas, efectivas y certificadas. Desde la atenci\u00f3n de garant\u00edas hasta [&hellip;]\" \/>\n<meta property=\"og:url\" content=\"https:\/\/tecnomicros.com\/portal\/index.php\/contacto-2\/\" \/>\n<meta property=\"og:site_name\" content=\"TecnoMicros\" \/>\n<meta property=\"article:modified_time\" content=\"2025-08-26T01:14:30+00:00\" \/>\n<meta property=\"og:image\" content=\"https:\/\/tecnomicros.com\/portal\/wp-content\/uploads\/2024\/11\/StockSnap_6O7JXC5DC5-1.jpg\" \/>\n\t<meta property=\"og:image:width\" content=\"2200\" \/>\n\t<meta property=\"og:image:height\" content=\"1468\" \/>\n\t<meta property=\"og:image:type\" content=\"image\/jpeg\" \/>\n<meta name=\"twitter:card\" content=\"summary_large_image\" \/>\n<meta name=\"twitter:label1\" content=\"Tiempo de lectura\" \/>\n\t<meta name=\"twitter:data1\" content=\"2 minutos\" \/>\n<script type=\"application\/ld+json\" class=\"yoast-schema-graph\">{\"@context\":\"https:\/\/schema.org\",\"@graph\":[{\"@type\":\"WebPage\",\"@id\":\"https:\/\/tecnomicros.com\/portal\/index.php\/contacto-2\/\",\"url\":\"https:\/\/tecnomicros.com\/portal\/index.php\/contacto-2\/\",\"name\":\"Contacto - TecnoMicros\",\"isPartOf\":{\"@id\":\"https:\/\/tecnomicros.com\/portal\/#website\"},\"primaryImageOfPage\":{\"@id\":\"https:\/\/tecnomicros.com\/portal\/index.php\/contacto-2\/#primaryimage\"},\"image\":{\"@id\":\"https:\/\/tecnomicros.com\/portal\/index.php\/contacto-2\/#primaryimage\"},\"thumbnailUrl\":\"https:\/\/tecnomicros.com\/portal\/wp-content\/uploads\/2024\/11\/StockSnap_6O7JXC5DC5-1.jpg\",\"datePublished\":\"2024-11-27T23:57:48+00:00\",\"dateModified\":\"2025-08-26T01:14:30+00:00\",\"breadcrumb\":{\"@id\":\"https:\/\/tecnomicros.com\/portal\/index.php\/contacto-2\/#breadcrumb\"},\"inLanguage\":\"es\",\"potentialAction\":[{\"@type\":\"ReadAction\",\"target\":[\"https:\/\/tecnomicros.com\/portal\/index.php\/contacto-2\/\"]}]},{\"@type\":\"ImageObject\",\"inLanguage\":\"es\",\"@id\":\"https:\/\/tecnomicros.com\/portal\/index.php\/contacto-2\/#primaryimage\",\"url\":\"https:\/\/tecnomicros.com\/portal\/wp-content\/uploads\/2024\/11\/StockSnap_6O7JXC5DC5-1.jpg\",\"contentUrl\":\"https:\/\/tecnomicros.com\/portal\/wp-content\/uploads\/2024\/11\/StockSnap_6O7JXC5DC5-1.jpg\",\"width\":2200,\"height\":1468},{\"@type\":\"BreadcrumbList\",\"@id\":\"https:\/\/tecnomicros.com\/portal\/index.php\/contacto-2\/#breadcrumb\",\"itemListElement\":[{\"@type\":\"ListItem\",\"position\":1,\"name\":\"Portada\",\"item\":\"https:\/\/tecnomicros.com\/portal\/\"},{\"@type\":\"ListItem\",\"position\":2,\"name\":\"Contacto\"}]},{\"@type\":\"WebSite\",\"@id\":\"https:\/\/tecnomicros.com\/portal\/#website\",\"url\":\"https:\/\/tecnomicros.com\/portal\/\",\"name\":\"TecnoMicros\",\"description\":\"\",\"publisher\":{\"@id\":\"https:\/\/tecnomicros.com\/portal\/#organization\"},\"potentialAction\":[{\"@type\":\"SearchAction\",\"target\":{\"@type\":\"EntryPoint\",\"urlTemplate\":\"https:\/\/tecnomicros.com\/portal\/?s={search_term_string}\"},\"query-input\":{\"@type\":\"PropertyValueSpecification\",\"valueRequired\":true,\"valueName\":\"search_term_string\"}}],\"inLanguage\":\"es\"},{\"@type\":\"Organization\",\"@id\":\"https:\/\/tecnomicros.com\/portal\/#organization\",\"name\":\"TecnoMicros\",\"url\":\"https:\/\/tecnomicros.com\/portal\/\",\"logo\":{\"@type\":\"ImageObject\",\"inLanguage\":\"es\",\"@id\":\"https:\/\/tecnomicros.com\/portal\/#\/schema\/logo\/image\/\",\"url\":\"https:\/\/tecnomicros.com\/portal\/wp-content\/uploads\/2024\/11\/Diseno-sin-titulo-9-1.png\",\"contentUrl\":\"https:\/\/tecnomicros.com\/portal\/wp-content\/uploads\/2024\/11\/Diseno-sin-titulo-9-1.png\",\"width\":2400,\"height\":875,\"caption\":\"TecnoMicros\"},\"image\":{\"@id\":\"https:\/\/tecnomicros.com\/portal\/#\/schema\/logo\/image\/\"}}]}<\/script>\n<!-- \/ Yoast SEO plugin. -->","yoast_head_json":{"title":"Contacto - TecnoMicros","robots":{"index":"index","follow":"follow","max-snippet":"max-snippet:-1","max-image-preview":"max-image-preview:large","max-video-preview":"max-video-preview:-1"},"canonical":"https:\/\/tecnomicros.com\/portal\/index.php\/contacto-2\/","og_locale":"es_ES","og_type":"article","og_title":"Contacto - TecnoMicros","og_description":"\u00a1Estamos Aqu\u00ed Para Ayudarte! Por eso, ponemos a tu disposici\u00f3n un equipo t\u00e9cnico altamente capacitado para atender todas tus necesidades de mantenimiento, reparaci\u00f3n y suministro de repuestos originales. Si te encuentras en Bucaramanga, Medell\u00edn o sus zonas metropolitanas, puedes contar con nosotros para brindarte soluciones r\u00e1pidas, efectivas y certificadas. Desde la atenci\u00f3n de garant\u00edas hasta [&hellip;]","og_url":"https:\/\/tecnomicros.com\/portal\/index.php\/contacto-2\/","og_site_name":"TecnoMicros","article_modified_time":"2025-08-26T01:14:30+00:00","og_image":[{"width":2200,"height":1468,"url":"https:\/\/tecnomicros.com\/portal\/wp-content\/uploads\/2024\/11\/StockSnap_6O7JXC5DC5-1.jpg","type":"image\/jpeg"}],"twitter_card":"summary_large_image","twitter_misc":{"Tiempo de lectura":"2 minutos"},"schema":{"@context":"https:\/\/schema.org","@graph":[{"@type":"WebPage","@id":"https:\/\/tecnomicros.com\/portal\/index.php\/contacto-2\/","url":"https:\/\/tecnomicros.com\/portal\/index.php\/contacto-2\/","name":"Contacto - TecnoMicros","isPartOf":{"@id":"https:\/\/tecnomicros.com\/portal\/#website"},"primaryImageOfPage":{"@id":"https:\/\/tecnomicros.com\/portal\/index.php\/contacto-2\/#primaryimage"},"image":{"@id":"https:\/\/tecnomicros.com\/portal\/index.php\/contacto-2\/#primaryimage"},"thumbnailUrl":"https:\/\/tecnomicros.com\/portal\/wp-content\/uploads\/2024\/11\/StockSnap_6O7JXC5DC5-1.jpg","datePublished":"2024-11-27T23:57:48+00:00","dateModified":"2025-08-26T01:14:30+00:00","breadcrumb":{"@id":"https:\/\/tecnomicros.com\/portal\/index.php\/contacto-2\/#breadcrumb"},"inLanguage":"es","potentialAction":[{"@type":"ReadAction","target":["https:\/\/tecnomicros.com\/portal\/index.php\/contacto-2\/"]}]},{"@type":"ImageObject","inLanguage":"es","@id":"https:\/\/tecnomicros.com\/portal\/index.php\/contacto-2\/#primaryimage","url":"https:\/\/tecnomicros.com\/portal\/wp-content\/uploads\/2024\/11\/StockSnap_6O7JXC5DC5-1.jpg","contentUrl":"https:\/\/tecnomicros.com\/portal\/wp-content\/uploads\/2024\/11\/StockSnap_6O7JXC5DC5-1.jpg","width":2200,"height":1468},{"@type":"BreadcrumbList","@id":"https:\/\/tecnomicros.com\/portal\/index.php\/contacto-2\/#breadcrumb","itemListElement":[{"@type":"ListItem","position":1,"name":"Portada","item":"https:\/\/tecnomicros.com\/portal\/"},{"@type":"ListItem","position":2,"name":"Contacto"}]},{"@type":"WebSite","@id":"https:\/\/tecnomicros.com\/portal\/#website","url":"https:\/\/tecnomicros.com\/portal\/","name":"TecnoMicros","description":"","publisher":{"@id":"https:\/\/tecnomicros.com\/portal\/#organization"},"potentialAction":[{"@type":"SearchAction","target":{"@type":"EntryPoint","urlTemplate":"https:\/\/tecnomicros.com\/portal\/?s={search_term_string}"},"query-input":{"@type":"PropertyValueSpecification","valueRequired":true,"valueName":"search_term_string"}}],"inLanguage":"es"},{"@type":"Organization","@id":"https:\/\/tecnomicros.com\/portal\/#organization","name":"TecnoMicros","url":"https:\/\/tecnomicros.com\/portal\/","logo":{"@type":"ImageObject","inLanguage":"es","@id":"https:\/\/tecnomicros.com\/portal\/#\/schema\/logo\/image\/","url":"https:\/\/tecnomicros.com\/portal\/wp-content\/uploads\/2024\/11\/Diseno-sin-titulo-9-1.png","contentUrl":"https:\/\/tecnomicros.com\/portal\/wp-content\/uploads\/2024\/11\/Diseno-sin-titulo-9-1.png","width":2400,"height":875,"caption":"TecnoMicros"},"image":{"@id":"https:\/\/tecnomicros.com\/portal\/#\/schema\/logo\/image\/"}}]}},"_links":{"self":[{"href":"https:\/\/tecnomicros.com\/portal\/index.php\/wp-json\/wp\/v2\/pages\/17","targetHints":{"allow":["GET"]}}],"collection":[{"href":"https:\/\/tecnomicros.com\/portal\/index.php\/wp-json\/wp\/v2\/pages"}],"about":[{"href":"https:\/\/tecnomicros.com\/portal\/index.php\/wp-json\/wp\/v2\/types\/page"}],"author":[{"embeddable":true,"href":"https:\/\/tecnomicros.com\/portal\/index.php\/wp-json\/wp\/v2\/users\/1"}],"replies":[{"embeddable":true,"href":"https:\/\/tecnomicros.com\/portal\/index.php\/wp-json\/wp\/v2\/comments?post=17"}],"version-history":[{"count":37,"href":"https:\/\/tecnomicros.com\/portal\/index.php\/wp-json\/wp\/v2\/pages\/17\/revisions"}],"predecessor-version":[{"id":728,"href":"https:\/\/tecnomicros.com\/portal\/index.php\/wp-json\/wp\/v2\/pages\/17\/revisions\/728"}],"wp:featuredmedia":[{"embeddable":true,"href":"https:\/\/tecnomicros.com\/portal\/index.php\/wp-json\/wp\/v2\/media\/14"}],"wp:attachment":[{"href":"https:\/\/tecnomicros.com\/portal\/index.php\/wp-json\/wp\/v2\/media?parent=17"}],"curies":[{"name":"wp","href":"https:\/\/api.w.org\/{rel}","templated":true}]}}