{"id":18,"date":"2024-11-27T23:57:48","date_gmt":"2024-11-27T23:57:48","guid":{"rendered":"https:\/\/tecnomicros.com\/portal\/?page_id=18"},"modified":"2025-08-26T01:12:06","modified_gmt":"2025-08-26T01:12:06","slug":"mantenimiento-preventivo-impresoras","status":"publish","type":"page","link":"https:\/\/tecnomicros.com\/portal\/index.php\/mantenimiento-preventivo-impresoras\/","title":{"rendered":"Blog"},"content":{"rendered":"\n<h2 class=\"wp-block-heading has-text-align-center has-foreground-color has-text-color has-link-color wp-elements-7b687eb70e9f17142bc1d9120189227a\" id=\"inspiro-is-a-digital-product-agency-that-focuses-on-strategy-and-design\" style=\"font-size:33px\">C\u00d3MO EL MANTENIMIENTO PREVENTIVO DE IMPRESORAS MEJORA SU RENDIMIENTO Y PROLONGA SU VIDA \u00daTIL<\/h2>\n\n\n\n<div style=\"height:7px\" aria-hidden=\"true\" class=\"wp-block-spacer\"><\/div>\n\n\n\n<figure class=\"wp-block-video\"><video height=\"600\" style=\"aspect-ratio: 1200 \/ 600;\" width=\"1200\" autoplay loop muted src=\"https:\/\/tecnomicros.com\/portal\/wp-content\/uploads\/2024\/11\/125.mp4\"><\/video><\/figure>\n\n\n\n<div style=\"height:6px\" aria-hidden=\"true\" class=\"wp-block-spacer\"><\/div>\n\n\n\n<p class=\"has-text-align-center has-foreground-color has-text-color has-link-color has-medium-font-size wp-elements-75a7f902bc04a9f362dd9133441ce173\"><strong>En el mundo actual, donde la tecnolog\u00eda juega un papel clave en el \u00e9xito de los negocios, mantener tus equipos en perfecto estado es esencial. En Tecno Micros, especialistas en el mantenimiento y reparaci\u00f3n de impresoras en Bucaramanga y Medell\u00edn, sabemos que el cuidado preventivo no solo garantiza un rendimiento \u00f3ptimo, sino que tambi\u00e9n evita costosas reparaciones a futuro.<\/strong><\/p>\n\n\n\n<div style=\"height:6px\" aria-hidden=\"true\" class=\"wp-block-spacer\"><\/div>\n\n\n\n<h4 class=\"wp-block-heading has-text-color has-link-color wp-elements-9828b6b498a7fc614f6d0c3d31441662\" style=\"color:#62c3c6\"><strong>\u00bfPor qu\u00e9 es importante el mantenimiento preventivo de impresoras?<\/strong><\/h4>\n\n\n\n<p class=\"has-foreground-color has-text-color has-link-color has-medium-font-size wp-elements-984bcccd1e64d631d6e4ce87c2787335\">El mantenimiento preventivo de impresoras asegura que tu equipo funcione de manera eficiente, reduce el riesgo de aver\u00edas inesperadas y prolonga su vida \u00fatil. Adem\u00e1s, evita problemas comunes como atascos de papel, impresiones de baja calidad o errores en el sistema.<\/p>\n\n\n\n<div style=\"height:6px\" aria-hidden=\"true\" class=\"wp-block-spacer\"><\/div>\n\n\n\n<h4 class=\"wp-block-heading has-text-color has-link-color wp-elements-48497ac4bc2f5f86dbf94c41ffac41ec\" style=\"color:#62c3c6\"><strong>Beneficios clave del mantenimiento preventivo<\/strong><\/h4>\n\n\n\n<ol class=\"wp-block-list\">\n<li class=\"has-foreground-color has-text-color has-link-color has-medium-font-size wp-elements-2342b26d6aded78d3e4bfd122faececc\"><strong>Mayor productividad:<\/strong> Minimiza tiempos de inactividad por fallas t\u00e9cnicas.<\/li>\n\n\n\n<li class=\"has-foreground-color has-text-color has-link-color has-medium-font-size wp-elements-cd5c4ee1979bbc4aef326039d8173961\"><strong>Ahorro en costos:<\/strong> Evita reparaciones mayores y reemplazos innecesarios.<\/li>\n\n\n\n<li class=\"has-foreground-color has-text-color has-link-color has-medium-font-size wp-elements-8f41ac326ee136940577acbe70bcab0f\"><strong>Calidad constante:<\/strong> Mantiene una impresi\u00f3n n\u00edtida y profesional.<\/li>\n\n\n\n<li class=\"has-foreground-color has-text-color has-link-color has-medium-font-size wp-elements-6b50be63ca9638f12ddfb31aeb4af9e6\"><strong>Durabilidad:<\/strong> Prolonga la vida \u00fatil de tu impresora, optimizando tu inversi\u00f3n.<\/li>\n<\/ol>\n\n\n\n<div style=\"height:6px\" aria-hidden=\"true\" class=\"wp-block-spacer\"><\/div>\n\n\n\n<h4 class=\"wp-block-heading has-text-color has-link-color wp-elements-4a92e3061ed50a47f6d1691ac86e1789\" style=\"color:#62c3c6\"><strong>Servicios de mantenimiento preventivo en Tecno Micros<\/strong><\/h4>\n\n\n\n<p class=\"has-foreground-color has-text-color has-link-color has-medium-font-size wp-elements-30207d2eba05b2b8988a6f444a1f88e3\">En <strong>Tecno Micros<\/strong>, ofrecemos un servicio integral de mantenimiento preventivo para impresoras de marcas como Epson, Canon, Brother, HP y Benq. Nuestro equipo t\u00e9cnico altamente capacitado inspecciona, limpia y ajusta cada componente para garantizar un funcionamiento impecable.<\/p>\n\n\n\n<p class=\"has-foreground-color has-text-color has-link-color has-medium-font-size wp-elements-1abe2ab1f4f0789eee957bd7b97fee4c\">Si buscas soluciones confiables en <strong>Bucaramanga<\/strong>, <strong>Medell\u00edn<\/strong> y sus zonas metropolitanas, somos tu mejor opci\u00f3n. Cont\u00e1ctanos hoy mismo y descubre c\u00f3mo podemos ayudarte a mantener tus equipos en las mejores condiciones.<\/p>\n\n\n\n<div style=\"height:10px\" aria-hidden=\"true\" class=\"wp-block-spacer\"><\/div>\n\n\n\n<div class=\"wp-block-columns is-layout-flex wp-container-core-columns-is-layout-28f84493 wp-block-columns-is-layout-flex\">\n<div class=\"wp-block-column is-layout-flow wp-block-column-is-layout-flow\">\n<figure class=\"wp-block-image size-large has-custom-border is-style-default\"><img fetchpriority=\"high\" decoding=\"async\" width=\"1024\" height=\"1024\" src=\"https:\/\/tecnomicros.com\/portal\/wp-content\/uploads\/2024\/11\/MEDELLIN-1-1024x1024.png\" alt=\"Mantenimiento preventivo de impresoras\" class=\"wp-image-451\" style=\"border-radius:5px\" srcset=\"https:\/\/tecnomicros.com\/portal\/wp-content\/uploads\/2024\/11\/MEDELLIN-1-1024x1024.png 1024w, https:\/\/tecnomicros.com\/portal\/wp-content\/uploads\/2024\/11\/MEDELLIN-1-300x300.png 300w, https:\/\/tecnomicros.com\/portal\/wp-content\/uploads\/2024\/11\/MEDELLIN-1-150x150.png 150w, https:\/\/tecnomicros.com\/portal\/wp-content\/uploads\/2024\/11\/MEDELLIN-1-768x768.png 768w, https:\/\/tecnomicros.com\/portal\/wp-content\/uploads\/2024\/11\/MEDELLIN-1.png 1080w\" sizes=\"(max-width: 1024px) 100vw, 1024px\" \/><\/figure>\n<\/div>\n\n\n\n<div class=\"wp-block-column is-layout-flow wp-block-column-is-layout-flow\">\n<figure class=\"wp-block-image size-large has-custom-border\"><img decoding=\"async\" width=\"1024\" height=\"1024\" src=\"https:\/\/tecnomicros.com\/portal\/wp-content\/uploads\/2024\/11\/BUCARAMANGA-1-2-1024x1024.png\" alt=\"Mantenimiento preventivo de impresoras\" class=\"wp-image-453\" style=\"border-radius:5px\" srcset=\"https:\/\/tecnomicros.com\/portal\/wp-content\/uploads\/2024\/11\/BUCARAMANGA-1-2-1024x1024.png 1024w, https:\/\/tecnomicros.com\/portal\/wp-content\/uploads\/2024\/11\/BUCARAMANGA-1-2-300x300.png 300w, https:\/\/tecnomicros.com\/portal\/wp-content\/uploads\/2024\/11\/BUCARAMANGA-1-2-150x150.png 150w, https:\/\/tecnomicros.com\/portal\/wp-content\/uploads\/2024\/11\/BUCARAMANGA-1-2-768x768.png 768w, https:\/\/tecnomicros.com\/portal\/wp-content\/uploads\/2024\/11\/BUCARAMANGA-1-2.png 1080w\" sizes=\"(max-width: 1024px) 100vw, 1024px\" \/><\/figure>\n<\/div>\n<\/div>\n\n\n\n<div style=\"height:10px\" aria-hidden=\"true\" class=\"wp-block-spacer\"><\/div>\n\n\n\n<div style=\"height:6px\" aria-hidden=\"true\" class=\"wp-block-spacer\"><\/div>\n\n\n\n<h3 class=\"wp-block-heading has-text-align-center has-text-color has-link-color wp-elements-701d3951d1879c1e700055c8424bc155\" style=\"color:#013561\"><strong>Cont\u00e1ctanos para mantener tus impresoras como nuevas<\/strong><\/h3>\n\n\n\n<p class=\"has-text-align-center has-foreground-color has-text-color has-link-color has-medium-font-size wp-elements-88509ed74b9895a49c5e00bd16bbacf7\">En <strong>Tecno Micros<\/strong>, nuestra prioridad es ofrecerte soluciones confiables y efectivas para que tus equipos tecnol\u00f3gicos siempre funcionen al m\u00e1ximo. Si necesitas mantenimiento preventivo, reparaci\u00f3n o repuestos originales, no dudes en contactarnos. Estamos presentes en <strong>Bucaramanga<\/strong>, <strong>Medell\u00edn<\/strong> y sus alrededores, listos para brindarte un servicio profesional y personalizado. \u00a1Conf\u00eda en nosotros y garantiza el rendimiento \u00f3ptimo de tus impresoras!<\/p>\n\n\n\n<figure class=\"wp-block-image aligncenter size-large is-resized\"><img decoding=\"async\" width=\"1024\" height=\"373\" src=\"https:\/\/tecnomicros.com\/portal\/wp-content\/uploads\/2024\/11\/Diseno-sin-titulo-9-1024x373.png\" alt=\"\" class=\"wp-image-29\" style=\"width:436px;height:auto\" srcset=\"https:\/\/tecnomicros.com\/portal\/wp-content\/uploads\/2024\/11\/Diseno-sin-titulo-9-1024x373.png 1024w, https:\/\/tecnomicros.com\/portal\/wp-content\/uploads\/2024\/11\/Diseno-sin-titulo-9-300x109.png 300w, https:\/\/tecnomicros.com\/portal\/wp-content\/uploads\/2024\/11\/Diseno-sin-titulo-9-768x280.png 768w, https:\/\/tecnomicros.com\/portal\/wp-content\/uploads\/2024\/11\/Diseno-sin-titulo-9-1536x560.png 1536w, https:\/\/tecnomicros.com\/portal\/wp-content\/uploads\/2024\/11\/Diseno-sin-titulo-9-2048x747.png 2048w\" sizes=\"(max-width: 1024px) 100vw, 1024px\" \/><\/figure>\n","protected":false},"excerpt":{"rendered":"<p>C\u00d3MO EL MANTENIMIENTO PREVENTIVO DE IMPRESORAS MEJORA SU RENDIMIENTO Y PROLONGA SU VIDA \u00daTIL En el mundo actual, donde la tecnolog\u00eda juega un papel clave en el \u00e9xito de los negocios, mantener tus equipos en perfecto estado es esencial. En Tecno Micros, especialistas en el mantenimiento y reparaci\u00f3n de impresoras en Bucaramanga y Medell\u00edn, sabemos [&hellip;]<\/p>\n","protected":false},"author":1,"featured_media":0,"parent":0,"menu_order":0,"comment_status":"closed","ping_status":"closed","template":"","meta":{"content-type":"","_joinchat":[],"footnotes":""},"class_list":["post-18","page","type-page","status-publish","hentry"],"yoast_head":"<!-- This site is optimized with the Yoast SEO plugin v23.9 - https:\/\/yoast.com\/wordpress\/plugins\/seo\/ -->\n<title>Blog - TecnoMicros<\/title>\n<meta name=\"description\" content=\"Mantenimiento preventivo que mejora el rendimiento y prolonga la vida \u00fatil de tus impresoras con TecnoMicros en Bucaramanga y Medell\u00edn\" \/>\n<meta name=\"robots\" content=\"index, follow, max-snippet:-1, max-image-preview:large, max-video-preview:-1\" \/>\n<link rel=\"canonical\" href=\"https:\/\/tecnomicros.com\/portal\/index.php\/mantenimiento-preventivo-impresoras\/\" \/>\n<meta property=\"og:locale\" content=\"es_ES\" \/>\n<meta property=\"og:type\" content=\"article\" \/>\n<meta property=\"og:title\" content=\"Blog - TecnoMicros\" \/>\n<meta property=\"og:description\" content=\"Mantenimiento preventivo que mejora el rendimiento y prolonga la vida \u00fatil de tus impresoras con TecnoMicros en Bucaramanga y Medell\u00edn\" \/>\n<meta property=\"og:url\" content=\"https:\/\/tecnomicros.com\/portal\/index.php\/mantenimiento-preventivo-impresoras\/\" \/>\n<meta property=\"og:site_name\" content=\"TecnoMicros\" \/>\n<meta property=\"article:modified_time\" content=\"2025-08-26T01:12:06+00:00\" \/>\n<meta property=\"og:image\" content=\"https:\/\/tecnomicros.com\/portal\/wp-content\/uploads\/2024\/11\/MEDELLIN-1.png\" \/>\n\t<meta property=\"og:image:width\" content=\"1080\" \/>\n\t<meta property=\"og:image:height\" content=\"1080\" \/>\n\t<meta property=\"og:image:type\" content=\"image\/png\" \/>\n<meta name=\"twitter:card\" content=\"summary_large_image\" \/>\n<meta name=\"twitter:label1\" content=\"Tiempo de lectura\" \/>\n\t<meta name=\"twitter:data1\" content=\"3 minutos\" \/>\n<script type=\"application\/ld+json\" class=\"yoast-schema-graph\">{\"@context\":\"https:\/\/schema.org\",\"@graph\":[{\"@type\":[\"WebPage\",\"CollectionPage\"],\"@id\":\"https:\/\/tecnomicros.com\/portal\/index.php\/mantenimiento-preventivo-impresoras\/\",\"url\":\"https:\/\/tecnomicros.com\/portal\/index.php\/mantenimiento-preventivo-impresoras\/\",\"name\":\"Blog - TecnoMicros\",\"isPartOf\":{\"@id\":\"https:\/\/tecnomicros.com\/portal\/#website\"},\"primaryImageOfPage\":{\"@id\":\"https:\/\/tecnomicros.com\/portal\/index.php\/mantenimiento-preventivo-impresoras\/#primaryimage\"},\"image\":{\"@id\":\"https:\/\/tecnomicros.com\/portal\/index.php\/mantenimiento-preventivo-impresoras\/#primaryimage\"},\"thumbnailUrl\":\"https:\/\/tecnomicros.com\/portal\/wp-content\/uploads\/2024\/11\/MEDELLIN-1-1024x1024.png\",\"datePublished\":\"2024-11-27T23:57:48+00:00\",\"dateModified\":\"2025-08-26T01:12:06+00:00\",\"description\":\"Mantenimiento preventivo que mejora el rendimiento y prolonga la vida \u00fatil de tus impresoras con TecnoMicros en Bucaramanga y Medell\u00edn\",\"breadcrumb\":{\"@id\":\"https:\/\/tecnomicros.com\/portal\/index.php\/mantenimiento-preventivo-impresoras\/#breadcrumb\"},\"inLanguage\":\"es\"},{\"@type\":\"ImageObject\",\"inLanguage\":\"es\",\"@id\":\"https:\/\/tecnomicros.com\/portal\/index.php\/mantenimiento-preventivo-impresoras\/#primaryimage\",\"url\":\"https:\/\/tecnomicros.com\/portal\/wp-content\/uploads\/2024\/11\/MEDELLIN-1.png\",\"contentUrl\":\"https:\/\/tecnomicros.com\/portal\/wp-content\/uploads\/2024\/11\/MEDELLIN-1.png\",\"width\":1080,\"height\":1080},{\"@type\":\"BreadcrumbList\",\"@id\":\"https:\/\/tecnomicros.com\/portal\/index.php\/mantenimiento-preventivo-impresoras\/#breadcrumb\",\"itemListElement\":[{\"@type\":\"ListItem\",\"position\":1,\"name\":\"Portada\",\"item\":\"https:\/\/tecnomicros.com\/portal\/\"},{\"@type\":\"ListItem\",\"position\":2,\"name\":\"Blog\"}]},{\"@type\":\"WebSite\",\"@id\":\"https:\/\/tecnomicros.com\/portal\/#website\",\"url\":\"https:\/\/tecnomicros.com\/portal\/\",\"name\":\"TecnoMicros\",\"description\":\"\",\"publisher\":{\"@id\":\"https:\/\/tecnomicros.com\/portal\/#organization\"},\"potentialAction\":[{\"@type\":\"SearchAction\",\"target\":{\"@type\":\"EntryPoint\",\"urlTemplate\":\"https:\/\/tecnomicros.com\/portal\/?s={search_term_string}\"},\"query-input\":{\"@type\":\"PropertyValueSpecification\",\"valueRequired\":true,\"valueName\":\"search_term_string\"}}],\"inLanguage\":\"es\"},{\"@type\":\"Organization\",\"@id\":\"https:\/\/tecnomicros.com\/portal\/#organization\",\"name\":\"TecnoMicros\",\"url\":\"https:\/\/tecnomicros.com\/portal\/\",\"logo\":{\"@type\":\"ImageObject\",\"inLanguage\":\"es\",\"@id\":\"https:\/\/tecnomicros.com\/portal\/#\/schema\/logo\/image\/\",\"url\":\"https:\/\/tecnomicros.com\/portal\/wp-content\/uploads\/2024\/11\/Diseno-sin-titulo-9-1.png\",\"contentUrl\":\"https:\/\/tecnomicros.com\/portal\/wp-content\/uploads\/2024\/11\/Diseno-sin-titulo-9-1.png\",\"width\":2400,\"height\":875,\"caption\":\"TecnoMicros\"},\"image\":{\"@id\":\"https:\/\/tecnomicros.com\/portal\/#\/schema\/logo\/image\/\"}}]}<\/script>\n<!-- \/ Yoast SEO plugin. -->","yoast_head_json":{"title":"Blog - TecnoMicros","description":"Mantenimiento preventivo que mejora el rendimiento y prolonga la vida \u00fatil de tus impresoras con TecnoMicros en Bucaramanga y Medell\u00edn","robots":{"index":"index","follow":"follow","max-snippet":"max-snippet:-1","max-image-preview":"max-image-preview:large","max-video-preview":"max-video-preview:-1"},"canonical":"https:\/\/tecnomicros.com\/portal\/index.php\/mantenimiento-preventivo-impresoras\/","og_locale":"es_ES","og_type":"article","og_title":"Blog - TecnoMicros","og_description":"Mantenimiento preventivo que mejora el rendimiento y prolonga la vida \u00fatil de tus impresoras con TecnoMicros en Bucaramanga y Medell\u00edn","og_url":"https:\/\/tecnomicros.com\/portal\/index.php\/mantenimiento-preventivo-impresoras\/","og_site_name":"TecnoMicros","article_modified_time":"2025-08-26T01:12:06+00:00","og_image":[{"width":1080,"height":1080,"url":"https:\/\/tecnomicros.com\/portal\/wp-content\/uploads\/2024\/11\/MEDELLIN-1.png","type":"image\/png"}],"twitter_card":"summary_large_image","twitter_misc":{"Tiempo de lectura":"3 minutos"},"schema":{"@context":"https:\/\/schema.org","@graph":[{"@type":["WebPage","CollectionPage"],"@id":"https:\/\/tecnomicros.com\/portal\/index.php\/mantenimiento-preventivo-impresoras\/","url":"https:\/\/tecnomicros.com\/portal\/index.php\/mantenimiento-preventivo-impresoras\/","name":"Blog - TecnoMicros","isPartOf":{"@id":"https:\/\/tecnomicros.com\/portal\/#website"},"primaryImageOfPage":{"@id":"https:\/\/tecnomicros.com\/portal\/index.php\/mantenimiento-preventivo-impresoras\/#primaryimage"},"image":{"@id":"https:\/\/tecnomicros.com\/portal\/index.php\/mantenimiento-preventivo-impresoras\/#primaryimage"},"thumbnailUrl":"https:\/\/tecnomicros.com\/portal\/wp-content\/uploads\/2024\/11\/MEDELLIN-1-1024x1024.png","datePublished":"2024-11-27T23:57:48+00:00","dateModified":"2025-08-26T01:12:06+00:00","description":"Mantenimiento preventivo que mejora el rendimiento y prolonga la vida \u00fatil de tus impresoras con TecnoMicros en Bucaramanga y Medell\u00edn","breadcrumb":{"@id":"https:\/\/tecnomicros.com\/portal\/index.php\/mantenimiento-preventivo-impresoras\/#breadcrumb"},"inLanguage":"es"},{"@type":"ImageObject","inLanguage":"es","@id":"https:\/\/tecnomicros.com\/portal\/index.php\/mantenimiento-preventivo-impresoras\/#primaryimage","url":"https:\/\/tecnomicros.com\/portal\/wp-content\/uploads\/2024\/11\/MEDELLIN-1.png","contentUrl":"https:\/\/tecnomicros.com\/portal\/wp-content\/uploads\/2024\/11\/MEDELLIN-1.png","width":1080,"height":1080},{"@type":"BreadcrumbList","@id":"https:\/\/tecnomicros.com\/portal\/index.php\/mantenimiento-preventivo-impresoras\/#breadcrumb","itemListElement":[{"@type":"ListItem","position":1,"name":"Portada","item":"https:\/\/tecnomicros.com\/portal\/"},{"@type":"ListItem","position":2,"name":"Blog"}]},{"@type":"WebSite","@id":"https:\/\/tecnomicros.com\/portal\/#website","url":"https:\/\/tecnomicros.com\/portal\/","name":"TecnoMicros","description":"","publisher":{"@id":"https:\/\/tecnomicros.com\/portal\/#organization"},"potentialAction":[{"@type":"SearchAction","target":{"@type":"EntryPoint","urlTemplate":"https:\/\/tecnomicros.com\/portal\/?s={search_term_string}"},"query-input":{"@type":"PropertyValueSpecification","valueRequired":true,"valueName":"search_term_string"}}],"inLanguage":"es"},{"@type":"Organization","@id":"https:\/\/tecnomicros.com\/portal\/#organization","name":"TecnoMicros","url":"https:\/\/tecnomicros.com\/portal\/","logo":{"@type":"ImageObject","inLanguage":"es","@id":"https:\/\/tecnomicros.com\/portal\/#\/schema\/logo\/image\/","url":"https:\/\/tecnomicros.com\/portal\/wp-content\/uploads\/2024\/11\/Diseno-sin-titulo-9-1.png","contentUrl":"https:\/\/tecnomicros.com\/portal\/wp-content\/uploads\/2024\/11\/Diseno-sin-titulo-9-1.png","width":2400,"height":875,"caption":"TecnoMicros"},"image":{"@id":"https:\/\/tecnomicros.com\/portal\/#\/schema\/logo\/image\/"}}]}},"_links":{"self":[{"href":"https:\/\/tecnomicros.com\/portal\/index.php\/wp-json\/wp\/v2\/pages\/18","targetHints":{"allow":["GET"]}}],"collection":[{"href":"https:\/\/tecnomicros.com\/portal\/index.php\/wp-json\/wp\/v2\/pages"}],"about":[{"href":"https:\/\/tecnomicros.com\/portal\/index.php\/wp-json\/wp\/v2\/types\/page"}],"author":[{"embeddable":true,"href":"https:\/\/tecnomicros.com\/portal\/index.php\/wp-json\/wp\/v2\/users\/1"}],"replies":[{"embeddable":true,"href":"https:\/\/tecnomicros.com\/portal\/index.php\/wp-json\/wp\/v2\/comments?post=18"}],"version-history":[{"count":25,"href":"https:\/\/tecnomicros.com\/portal\/index.php\/wp-json\/wp\/v2\/pages\/18\/revisions"}],"predecessor-version":[{"id":724,"href":"https:\/\/tecnomicros.com\/portal\/index.php\/wp-json\/wp\/v2\/pages\/18\/revisions\/724"}],"wp:attachment":[{"href":"https:\/\/tecnomicros.com\/portal\/index.php\/wp-json\/wp\/v2\/media?parent=18"}],"curies":[{"name":"wp","href":"https:\/\/api.w.org\/{rel}","templated":true}]}}