{"id":485,"date":"2024-11-30T00:42:54","date_gmt":"2024-11-30T00:42:54","guid":{"rendered":"https:\/\/tecnomicros.com\/portal\/?page_id=485"},"modified":"2025-08-26T01:18:36","modified_gmt":"2025-08-26T01:18:36","slug":"canon-bucaramanga-reparacion-mantenimiento","status":"publish","type":"page","link":"https:\/\/tecnomicros.com\/portal\/index.php\/canon-bucaramanga-reparacion-mantenimiento\/","title":{"rendered":"Canon Bucaramanga"},"content":{"rendered":"\n<h2 class=\"wp-block-heading has-text-align-center has-foreground-color has-text-color has-link-color wp-elements-89243f748c1a55fd7e0b501b1186d601\">\u00a1TecnoMicros: Tu aliado en reparaci\u00f3n de impresoras Canon en Bucaramanga!<\/h2>\n\n\n\n<p class=\"has-text-align-center has-foreground-color has-text-color has-link-color has-medium-font-size wp-elements-2b8e13071bbdbbcba90117b317a86eb8\">En <strong>TecnoMicros<\/strong>, sabemos lo frustrante que puede ser cuando una impresora <strong>Canon<\/strong> falla en el momento m\u00e1s inoportuno. Ya sea para tu negocio o tu hogar, dependes de tus equipos para mantener la productividad. Por eso, nos especializamos en <strong>reparaci\u00f3n, mantenimiento preventivo y correctivo<\/strong>, asegurando que tus impresoras funcionen como nuevas.<\/p>\n\n\n\n<div style=\"height:10px\" aria-hidden=\"true\" class=\"wp-block-spacer\"><\/div>\n\n\n\n<div class=\"wp-block-columns is-layout-flex wp-container-core-columns-is-layout-28f84493 wp-block-columns-is-layout-flex\">\n<div class=\"wp-block-column is-layout-flow wp-block-column-is-layout-flow\" style=\"flex-basis:25%\">\n<div style=\"height:100px\" aria-hidden=\"true\" class=\"wp-block-spacer\"><\/div>\n<\/div>\n\n\n\n<div class=\"wp-block-column is-layout-flow wp-block-column-is-layout-flow\" style=\"flex-basis:50%\">\n<figure class=\"wp-block-image size-full\"><img fetchpriority=\"high\" decoding=\"async\" width=\"938\" height=\"938\" src=\"https:\/\/tecnomicros.com\/portal\/wp-content\/uploads\/2024\/11\/2.png\" alt=\"\" class=\"wp-image-680\" srcset=\"https:\/\/tecnomicros.com\/portal\/wp-content\/uploads\/2024\/11\/2.png 938w, https:\/\/tecnomicros.com\/portal\/wp-content\/uploads\/2024\/11\/2-300x300.png 300w, https:\/\/tecnomicros.com\/portal\/wp-content\/uploads\/2024\/11\/2-150x150.png 150w, https:\/\/tecnomicros.com\/portal\/wp-content\/uploads\/2024\/11\/2-768x768.png 768w\" sizes=\"(max-width: 938px) 100vw, 938px\" \/><\/figure>\n<\/div>\n\n\n\n<div class=\"wp-block-column is-layout-flow wp-block-column-is-layout-flow\" style=\"flex-basis:25%\">\n<div style=\"height:100px\" aria-hidden=\"true\" class=\"wp-block-spacer\"><\/div>\n<\/div>\n<\/div>\n\n\n\n<figure class=\"wp-block-video\"><video height=\"678\" style=\"aspect-ratio: 1356 \/ 678;\" width=\"1356\" autoplay loop muted src=\"https:\/\/tecnomicros.com\/portal\/wp-content\/uploads\/2024\/11\/3.mp4\" playsinline><\/video><\/figure>\n\n\n\n<hr class=\"wp-block-separator has-alpha-channel-opacity\"\/>\n\n\n\n<h3 class=\"wp-block-heading has-text-color has-link-color wp-elements-076fc03196ac598a1b7ed1853f131c39\" style=\"color:#62c3c6\">\u00bfQu\u00e9 ofrecemos para tus impresoras Canon en Bucaramanga?<\/h3>\n\n\n\n<div style=\"height:10px\" aria-hidden=\"true\" class=\"wp-block-spacer\"><\/div>\n\n\n\n<p class=\"has-foreground-color has-text-color has-link-color has-medium-font-size wp-elements-680408038fb3394f556d91dcf8506f07\"><strong>Repuestos originales:<\/strong> Utilizamos piezas genuinas para garantizar el m\u00e1ximo rendimiento y prolongar la vida \u00fatil de tus equipos.<\/p>\n\n\n\n<p class=\"has-foreground-color has-text-color has-link-color has-medium-font-size wp-elements-0d671c9d57d540926eb7a31e741bb6c4\"><strong>Mantenimiento preventivo y correctivo:<\/strong> Detectamos y solucionamos problemas antes de que se conviertan en fallas mayores.<\/p>\n\n\n\n<p class=\"has-foreground-color has-text-color has-link-color has-medium-font-size wp-elements-343b0702b1ceba381c0d54c3432a3bff\"><strong>Servicio de recogida y entrega GRATIS (Solo aplica para equipos en GARANTIA Canon):<\/strong> Olv\u00eddate de desplazarte. Nosotros recogemos y entregamos tu equipo sin costo adicional.<\/p>\n\n\n\n<p class=\"has-text-align-center has-text-color has-link-color has-regular-font-size wp-elements-55036154c8db9ca4526a1b6ef1b01e98\" style=\"color:#063762\"><strong>Nuestro equipo de t\u00e9cnicos altamente capacitados cuenta con experiencia en marcas l\u00edderes como Canon, lo que nos permite resolver desde problemas simples hasta las reparaciones m\u00e1s complejas. Sabemos que cada minuto cuenta, por lo que priorizamos la eficiencia y la rapidez en cada servicio.<\/strong><\/p>\n\n\n\n<div style=\"height:10px\" aria-hidden=\"true\" class=\"wp-block-spacer\"><\/div>\n\n\n\n<div class=\"wp-block-columns is-layout-flex wp-container-core-columns-is-layout-28f84493 wp-block-columns-is-layout-flex\">\n<div class=\"wp-block-column is-layout-flow wp-block-column-is-layout-flow\">\n<figure class=\"wp-block-video\"><video height=\"640\" style=\"aspect-ratio: 640 \/ 640;\" width=\"640\" autoplay loop muted src=\"https:\/\/tecnomicros.com\/portal\/wp-content\/uploads\/2024\/11\/23-1.mp4\" playsinline><\/video><\/figure>\n<\/div>\n\n\n\n<div class=\"wp-block-column is-layout-flow wp-block-column-is-layout-flow\">\n<div style=\"height:97px\" aria-hidden=\"true\" class=\"wp-block-spacer\"><\/div>\n\n\n\n<h1 class=\"wp-block-heading\">Cobertura en Bucaramanga y su zona metropolitana<\/h1>\n<\/div>\n<\/div>\n\n\n\n<div style=\"height:10px\" aria-hidden=\"true\" class=\"wp-block-spacer\"><\/div>\n\n\n\n<p class=\"has-text-align-center has-foreground-color has-text-color has-link-color has-medium-font-size wp-elements-de4412f2f401de3ca4606a5cada29ca2\">TecnoMicros est\u00e1 presente en toda la regi\u00f3n de Bucaramanga, incluyendo <strong>Floridablanca<\/strong>, <strong>Gir\u00f3n<\/strong> y <strong>Piedecuesta<\/strong>. Esto nos permite ofrecer un servicio r\u00e1pido y eficaz, independientemente de tu ubicaci\u00f3n.<\/p>\n\n\n\n<p class=\"has-text-align-center has-foreground-color has-text-color has-link-color has-medium-font-size wp-elements-4cfe935493255c7affbb723084e7f432\">Adem\u00e1s, te brindamos atenci\u00f3n personalizada para asegurarnos de que cada soluci\u00f3n sea adaptada a tus necesidades espec\u00edficas. Ya sea una impresora para uso dom\u00e9stico o un equipo de alto rendimiento para tu negocio, TecnoMicros tiene la soluci\u00f3n ideal.<\/p>\n\n\n\n<div style=\"height:10px\" aria-hidden=\"true\" class=\"wp-block-spacer\"><\/div>\n\n\n\n<h3 class=\"wp-block-heading has-text-align-center has-text-color has-link-color wp-elements-af5918efaeceb736f43dcc4c92c3c7c3\" style=\"color:#62c3c6\">\u00a1Cont\u00e1ctanos hoy mismo!<\/h3>\n\n\n\n<div class=\"wp-block-columns is-layout-flex wp-container-core-columns-is-layout-28f84493 wp-block-columns-is-layout-flex\">\n<div class=\"wp-block-column is-layout-flow wp-block-column-is-layout-flow\" style=\"flex-basis:25%\">\n<div style=\"height:100px\" aria-hidden=\"true\" class=\"wp-block-spacer\"><\/div>\n<\/div>\n\n\n\n<div class=\"wp-block-column is-layout-flow wp-block-column-is-layout-flow\" style=\"flex-basis:50%\">\n<figure class=\"wp-block-image size-full\"><img fetchpriority=\"high\" decoding=\"async\" width=\"938\" height=\"938\" src=\"https:\/\/tecnomicros.com\/portal\/wp-content\/uploads\/2024\/11\/2.png\" alt=\"\" class=\"wp-image-680\" srcset=\"https:\/\/tecnomicros.com\/portal\/wp-content\/uploads\/2024\/11\/2.png 938w, https:\/\/tecnomicros.com\/portal\/wp-content\/uploads\/2024\/11\/2-300x300.png 300w, https:\/\/tecnomicros.com\/portal\/wp-content\/uploads\/2024\/11\/2-150x150.png 150w, https:\/\/tecnomicros.com\/portal\/wp-content\/uploads\/2024\/11\/2-768x768.png 768w\" sizes=\"(max-width: 938px) 100vw, 938px\" \/><\/figure>\n<\/div>\n\n\n\n<div class=\"wp-block-column is-layout-flow wp-block-column-is-layout-flow\" style=\"flex-basis:25%\">\n<div style=\"height:100px\" aria-hidden=\"true\" class=\"wp-block-spacer\"><\/div>\n<\/div>\n<\/div>\n\n\n\n<p class=\"has-text-align-center has-foreground-color has-text-color has-link-color has-medium-font-size wp-elements-478e51d7d641d546f5d4c097349640a8\">No dejes que los problemas t\u00e9cnicos te detengan. Perm\u00edtenos ayudarte a mantener tus equipos en perfecto estado.<\/p>\n\n\n\n<p class=\"has-text-align-center has-foreground-color has-text-color has-link-color has-medium-font-size wp-elements-085570ad6618d752c62a9627b6ccc1ce\"><a href=\"https:\/\/www.cla.canon.com\/cla\/es\/home\"><strong>https:\/\/www.cla.canon.com\/cla\/es\/home<\/strong><\/a><\/p>\n\n\n\n<div style=\"height:10px\" aria-hidden=\"true\" class=\"wp-block-spacer\"><\/div>\n\n\n\n<p class=\"has-text-align-center has-foreground-color has-text-color has-link-color wp-elements-dc5af37d3e83aed67c27e251b52d3813\">\ud83d\udccd Direcci\u00f3n: <strong>Calle 65 # 25-19, Bucaramanga, Santander<\/strong><br>\ud83d\udcde Tel\u00e9fonos: <strong>(7) 695 9888<\/strong> | <strong>318 848 1264<\/strong><br>\ud83d\udce9 Email: <strong><a>servicio_bucaramanga@tecnomicros.co<\/a><\/strong><br>\ud83c\udf10 Solicita tu servicio en l\u00ednea en <strong><a href=\"https:\/\/tecnomicros.com\/portal\/\">www.tecnomicros.com<\/a><\/strong><\/p>\n\n\n\n<div style=\"height:10px\" aria-hidden=\"true\" class=\"wp-block-spacer\"><\/div>\n\n\n\n<h2 class=\"wp-block-heading has-text-align-center has-text-color has-link-color wp-elements-427510d20b75d77fe4b88c7e69495751\" style=\"color:#063762\">\u00a1Recupera tu productividad con TecnoMicros, tu aliado en Bucaramanga!<\/h2>\n\n\n\n<div class=\"wp-block-columns is-layout-flex wp-container-core-columns-is-layout-28f84493 wp-block-columns-is-layout-flex\">\n<div class=\"wp-block-column is-layout-flow wp-block-column-is-layout-flow\">\n<div class=\"wp-block-leadin-hubspot-form-block\">\n\t\t\t\t\t<script>\n\t\t\t\t\t\twindow.hsFormsOnReady = window.hsFormsOnReady || [];\n\t\t\t\t\t\twindow.hsFormsOnReady.push(()=>{\n\t\t\t\t\t\t\thbspt.forms.create({\n\t\t\t\t\t\t\t\tportalId: 48342287,\n\t\t\t\t\t\t\t\tformId: \"3771fa80-a150-4241-82aa-abcd1b640ed6\",\n\t\t\t\t\t\t\t\ttarget: \"#hbspt-form-1777676691000-1510939552\",\n\t\t\t\t\t\t\t\tregion: \"na1\",\n\t\t\t\t\t\t\t\t\n\t\t\t\t\t\t})});\n\t\t\t\t\t<\/script>\n\t\t\t\t\t<div class=\"hbspt-form\" id=\"hbspt-form-1777676691000-1510939552\"><\/div><\/div>\n<\/div>\n<\/div>\n\n\n\n<figure class=\"wp-block-image aligncenter size-large is-resized\"><img decoding=\"async\" width=\"1024\" height=\"373\" src=\"https:\/\/tecnomicros.com\/portal\/wp-content\/uploads\/2024\/11\/Diseno-sin-titulo-9-1024x373.png\" alt=\"\" class=\"wp-image-29\" style=\"width:452px;height:auto\" srcset=\"https:\/\/tecnomicros.com\/portal\/wp-content\/uploads\/2024\/11\/Diseno-sin-titulo-9-1024x373.png 1024w, https:\/\/tecnomicros.com\/portal\/wp-content\/uploads\/2024\/11\/Diseno-sin-titulo-9-300x109.png 300w, https:\/\/tecnomicros.com\/portal\/wp-content\/uploads\/2024\/11\/Diseno-sin-titulo-9-768x280.png 768w, https:\/\/tecnomicros.com\/portal\/wp-content\/uploads\/2024\/11\/Diseno-sin-titulo-9-1536x560.png 1536w, https:\/\/tecnomicros.com\/portal\/wp-content\/uploads\/2024\/11\/Diseno-sin-titulo-9-2048x747.png 2048w\" sizes=\"(max-width: 1024px) 100vw, 1024px\" \/><\/figure>\n","protected":false},"excerpt":{"rendered":"<p>\u00a1TecnoMicros: Tu aliado en reparaci\u00f3n de impresoras Canon en Bucaramanga! En TecnoMicros, sabemos lo frustrante que puede ser cuando una impresora Canon falla en el momento m\u00e1s inoportuno. Ya sea para tu negocio o tu hogar, dependes de tus equipos para mantener la productividad. Por eso, nos especializamos en reparaci\u00f3n, mantenimiento preventivo y correctivo, asegurando [&hellip;]<\/p>\n","protected":false},"author":1,"featured_media":0,"parent":0,"menu_order":0,"comment_status":"closed","ping_status":"closed","template":"","meta":{"content-type":"","_joinchat":[],"footnotes":""},"class_list":["post-485","page","type-page","status-publish","hentry"],"yoast_head":"<!-- This site is optimized with the Yoast SEO plugin v23.9 - https:\/\/yoast.com\/wordpress\/plugins\/seo\/ -->\n<title>Canon Bucaramanga - TecnoMicros<\/title>\n<meta name=\"description\" content=\"\u00bfProblemas con tu impresora Canon en Bucaramanga? TecnoMicros ofrece reparaci\u00f3n, mantenimiento preventivo y recogida GRATIS.\" \/>\n<meta name=\"robots\" content=\"index, follow, max-snippet:-1, max-image-preview:large, max-video-preview:-1\" \/>\n<link rel=\"canonical\" href=\"https:\/\/tecnomicros.com\/portal\/index.php\/canon-bucaramanga-reparacion-mantenimiento\/\" \/>\n<meta property=\"og:locale\" content=\"es_ES\" \/>\n<meta property=\"og:type\" content=\"article\" \/>\n<meta property=\"og:title\" content=\"Canon Bucaramanga - TecnoMicros\" \/>\n<meta property=\"og:description\" content=\"\u00bfProblemas con tu impresora Canon en Bucaramanga? TecnoMicros ofrece reparaci\u00f3n, mantenimiento preventivo y recogida GRATIS.\" \/>\n<meta property=\"og:url\" content=\"https:\/\/tecnomicros.com\/portal\/index.php\/canon-bucaramanga-reparacion-mantenimiento\/\" \/>\n<meta property=\"og:site_name\" content=\"TecnoMicros\" \/>\n<meta property=\"article:modified_time\" content=\"2025-08-26T01:18:36+00:00\" \/>\n<meta property=\"og:image\" content=\"https:\/\/tecnomicros.com\/portal\/wp-content\/uploads\/2024\/11\/2.png\" \/>\n\t<meta property=\"og:image:width\" content=\"938\" \/>\n\t<meta property=\"og:image:height\" content=\"938\" \/>\n\t<meta property=\"og:image:type\" content=\"image\/png\" \/>\n<meta name=\"twitter:card\" content=\"summary_large_image\" \/>\n<meta name=\"twitter:label1\" content=\"Tiempo de lectura\" \/>\n\t<meta name=\"twitter:data1\" content=\"3 minutos\" \/>\n<script type=\"application\/ld+json\" class=\"yoast-schema-graph\">{\"@context\":\"https:\/\/schema.org\",\"@graph\":[{\"@type\":\"WebPage\",\"@id\":\"https:\/\/tecnomicros.com\/portal\/index.php\/canon-bucaramanga-reparacion-mantenimiento\/\",\"url\":\"https:\/\/tecnomicros.com\/portal\/index.php\/canon-bucaramanga-reparacion-mantenimiento\/\",\"name\":\"Canon Bucaramanga - TecnoMicros\",\"isPartOf\":{\"@id\":\"https:\/\/tecnomicros.com\/portal\/#website\"},\"primaryImageOfPage\":{\"@id\":\"https:\/\/tecnomicros.com\/portal\/index.php\/canon-bucaramanga-reparacion-mantenimiento\/#primaryimage\"},\"image\":{\"@id\":\"https:\/\/tecnomicros.com\/portal\/index.php\/canon-bucaramanga-reparacion-mantenimiento\/#primaryimage\"},\"thumbnailUrl\":\"https:\/\/tecnomicros.com\/portal\/wp-content\/uploads\/2024\/11\/2.png\",\"datePublished\":\"2024-11-30T00:42:54+00:00\",\"dateModified\":\"2025-08-26T01:18:36+00:00\",\"description\":\"\u00bfProblemas con tu impresora Canon en Bucaramanga? TecnoMicros ofrece reparaci\u00f3n, mantenimiento preventivo y recogida GRATIS.\",\"breadcrumb\":{\"@id\":\"https:\/\/tecnomicros.com\/portal\/index.php\/canon-bucaramanga-reparacion-mantenimiento\/#breadcrumb\"},\"inLanguage\":\"es\",\"potentialAction\":[{\"@type\":\"ReadAction\",\"target\":[\"https:\/\/tecnomicros.com\/portal\/index.php\/canon-bucaramanga-reparacion-mantenimiento\/\"]}]},{\"@type\":\"ImageObject\",\"inLanguage\":\"es\",\"@id\":\"https:\/\/tecnomicros.com\/portal\/index.php\/canon-bucaramanga-reparacion-mantenimiento\/#primaryimage\",\"url\":\"https:\/\/tecnomicros.com\/portal\/wp-content\/uploads\/2024\/11\/2.png\",\"contentUrl\":\"https:\/\/tecnomicros.com\/portal\/wp-content\/uploads\/2024\/11\/2.png\",\"width\":938,\"height\":938},{\"@type\":\"BreadcrumbList\",\"@id\":\"https:\/\/tecnomicros.com\/portal\/index.php\/canon-bucaramanga-reparacion-mantenimiento\/#breadcrumb\",\"itemListElement\":[{\"@type\":\"ListItem\",\"position\":1,\"name\":\"Portada\",\"item\":\"https:\/\/tecnomicros.com\/portal\/\"},{\"@type\":\"ListItem\",\"position\":2,\"name\":\"Canon Bucaramanga\"}]},{\"@type\":\"WebSite\",\"@id\":\"https:\/\/tecnomicros.com\/portal\/#website\",\"url\":\"https:\/\/tecnomicros.com\/portal\/\",\"name\":\"TecnoMicros\",\"description\":\"\",\"publisher\":{\"@id\":\"https:\/\/tecnomicros.com\/portal\/#organization\"},\"potentialAction\":[{\"@type\":\"SearchAction\",\"target\":{\"@type\":\"EntryPoint\",\"urlTemplate\":\"https:\/\/tecnomicros.com\/portal\/?s={search_term_string}\"},\"query-input\":{\"@type\":\"PropertyValueSpecification\",\"valueRequired\":true,\"valueName\":\"search_term_string\"}}],\"inLanguage\":\"es\"},{\"@type\":\"Organization\",\"@id\":\"https:\/\/tecnomicros.com\/portal\/#organization\",\"name\":\"TecnoMicros\",\"url\":\"https:\/\/tecnomicros.com\/portal\/\",\"logo\":{\"@type\":\"ImageObject\",\"inLanguage\":\"es\",\"@id\":\"https:\/\/tecnomicros.com\/portal\/#\/schema\/logo\/image\/\",\"url\":\"https:\/\/tecnomicros.com\/portal\/wp-content\/uploads\/2024\/11\/Diseno-sin-titulo-9-1.png\",\"contentUrl\":\"https:\/\/tecnomicros.com\/portal\/wp-content\/uploads\/2024\/11\/Diseno-sin-titulo-9-1.png\",\"width\":2400,\"height\":875,\"caption\":\"TecnoMicros\"},\"image\":{\"@id\":\"https:\/\/tecnomicros.com\/portal\/#\/schema\/logo\/image\/\"}}]}<\/script>\n<!-- \/ Yoast SEO plugin. -->","yoast_head_json":{"title":"Canon Bucaramanga - TecnoMicros","description":"\u00bfProblemas con tu impresora Canon en Bucaramanga? TecnoMicros ofrece reparaci\u00f3n, mantenimiento preventivo y recogida GRATIS.","robots":{"index":"index","follow":"follow","max-snippet":"max-snippet:-1","max-image-preview":"max-image-preview:large","max-video-preview":"max-video-preview:-1"},"canonical":"https:\/\/tecnomicros.com\/portal\/index.php\/canon-bucaramanga-reparacion-mantenimiento\/","og_locale":"es_ES","og_type":"article","og_title":"Canon Bucaramanga - TecnoMicros","og_description":"\u00bfProblemas con tu impresora Canon en Bucaramanga? TecnoMicros ofrece reparaci\u00f3n, mantenimiento preventivo y recogida GRATIS.","og_url":"https:\/\/tecnomicros.com\/portal\/index.php\/canon-bucaramanga-reparacion-mantenimiento\/","og_site_name":"TecnoMicros","article_modified_time":"2025-08-26T01:18:36+00:00","og_image":[{"width":938,"height":938,"url":"https:\/\/tecnomicros.com\/portal\/wp-content\/uploads\/2024\/11\/2.png","type":"image\/png"}],"twitter_card":"summary_large_image","twitter_misc":{"Tiempo de lectura":"3 minutos"},"schema":{"@context":"https:\/\/schema.org","@graph":[{"@type":"WebPage","@id":"https:\/\/tecnomicros.com\/portal\/index.php\/canon-bucaramanga-reparacion-mantenimiento\/","url":"https:\/\/tecnomicros.com\/portal\/index.php\/canon-bucaramanga-reparacion-mantenimiento\/","name":"Canon Bucaramanga - TecnoMicros","isPartOf":{"@id":"https:\/\/tecnomicros.com\/portal\/#website"},"primaryImageOfPage":{"@id":"https:\/\/tecnomicros.com\/portal\/index.php\/canon-bucaramanga-reparacion-mantenimiento\/#primaryimage"},"image":{"@id":"https:\/\/tecnomicros.com\/portal\/index.php\/canon-bucaramanga-reparacion-mantenimiento\/#primaryimage"},"thumbnailUrl":"https:\/\/tecnomicros.com\/portal\/wp-content\/uploads\/2024\/11\/2.png","datePublished":"2024-11-30T00:42:54+00:00","dateModified":"2025-08-26T01:18:36+00:00","description":"\u00bfProblemas con tu impresora Canon en Bucaramanga? TecnoMicros ofrece reparaci\u00f3n, mantenimiento preventivo y recogida GRATIS.","breadcrumb":{"@id":"https:\/\/tecnomicros.com\/portal\/index.php\/canon-bucaramanga-reparacion-mantenimiento\/#breadcrumb"},"inLanguage":"es","potentialAction":[{"@type":"ReadAction","target":["https:\/\/tecnomicros.com\/portal\/index.php\/canon-bucaramanga-reparacion-mantenimiento\/"]}]},{"@type":"ImageObject","inLanguage":"es","@id":"https:\/\/tecnomicros.com\/portal\/index.php\/canon-bucaramanga-reparacion-mantenimiento\/#primaryimage","url":"https:\/\/tecnomicros.com\/portal\/wp-content\/uploads\/2024\/11\/2.png","contentUrl":"https:\/\/tecnomicros.com\/portal\/wp-content\/uploads\/2024\/11\/2.png","width":938,"height":938},{"@type":"BreadcrumbList","@id":"https:\/\/tecnomicros.com\/portal\/index.php\/canon-bucaramanga-reparacion-mantenimiento\/#breadcrumb","itemListElement":[{"@type":"ListItem","position":1,"name":"Portada","item":"https:\/\/tecnomicros.com\/portal\/"},{"@type":"ListItem","position":2,"name":"Canon Bucaramanga"}]},{"@type":"WebSite","@id":"https:\/\/tecnomicros.com\/portal\/#website","url":"https:\/\/tecnomicros.com\/portal\/","name":"TecnoMicros","description":"","publisher":{"@id":"https:\/\/tecnomicros.com\/portal\/#organization"},"potentialAction":[{"@type":"SearchAction","target":{"@type":"EntryPoint","urlTemplate":"https:\/\/tecnomicros.com\/portal\/?s={search_term_string}"},"query-input":{"@type":"PropertyValueSpecification","valueRequired":true,"valueName":"search_term_string"}}],"inLanguage":"es"},{"@type":"Organization","@id":"https:\/\/tecnomicros.com\/portal\/#organization","name":"TecnoMicros","url":"https:\/\/tecnomicros.com\/portal\/","logo":{"@type":"ImageObject","inLanguage":"es","@id":"https:\/\/tecnomicros.com\/portal\/#\/schema\/logo\/image\/","url":"https:\/\/tecnomicros.com\/portal\/wp-content\/uploads\/2024\/11\/Diseno-sin-titulo-9-1.png","contentUrl":"https:\/\/tecnomicros.com\/portal\/wp-content\/uploads\/2024\/11\/Diseno-sin-titulo-9-1.png","width":2400,"height":875,"caption":"TecnoMicros"},"image":{"@id":"https:\/\/tecnomicros.com\/portal\/#\/schema\/logo\/image\/"}}]}},"_links":{"self":[{"href":"https:\/\/tecnomicros.com\/portal\/index.php\/wp-json\/wp\/v2\/pages\/485","targetHints":{"allow":["GET"]}}],"collection":[{"href":"https:\/\/tecnomicros.com\/portal\/index.php\/wp-json\/wp\/v2\/pages"}],"about":[{"href":"https:\/\/tecnomicros.com\/portal\/index.php\/wp-json\/wp\/v2\/types\/page"}],"author":[{"embeddable":true,"href":"https:\/\/tecnomicros.com\/portal\/index.php\/wp-json\/wp\/v2\/users\/1"}],"replies":[{"embeddable":true,"href":"https:\/\/tecnomicros.com\/portal\/index.php\/wp-json\/wp\/v2\/comments?post=485"}],"version-history":[{"count":45,"href":"https:\/\/tecnomicros.com\/portal\/index.php\/wp-json\/wp\/v2\/pages\/485\/revisions"}],"predecessor-version":[{"id":731,"href":"https:\/\/tecnomicros.com\/portal\/index.php\/wp-json\/wp\/v2\/pages\/485\/revisions\/731"}],"wp:attachment":[{"href":"https:\/\/tecnomicros.com\/portal\/index.php\/wp-json\/wp\/v2\/media?parent=485"}],"curies":[{"name":"wp","href":"https:\/\/api.w.org\/{rel}","templated":true}]}}