{"id":488,"date":"2024-11-30T00:44:13","date_gmt":"2024-11-30T00:44:13","guid":{"rendered":"https:\/\/tecnomicros.com\/portal\/?page_id=488"},"modified":"2025-08-26T01:24:47","modified_gmt":"2025-08-26T01:24:47","slug":"canon-medellin-reparacion-mantenimiento","status":"publish","type":"page","link":"https:\/\/tecnomicros.com\/portal\/index.php\/canon-medellin-reparacion-mantenimiento\/","title":{"rendered":"Canon Medellin"},"content":{"rendered":"\n<h2 class=\"wp-block-heading has-text-align-center has-foreground-color has-text-color has-link-color wp-elements-1b95e3c0b5556d3af9b99d9276a59fb4\">\u00a1TecnoMicros: Soluciones r\u00e1pidas para tus impresoras Canon en Medell\u00edn!<\/h2>\n\n\n\n<p class=\"has-text-align-center has-foreground-color has-text-color has-link-color has-medium-font-size wp-elements-370aea224f2732440b468450e61edb27\">En <strong>TecnoMicros<\/strong>, entendemos la importancia de tener una impresora <strong>Canon<\/strong> que funcione de manera \u00f3ptima. Los problemas t\u00e9cnicos no solo generan frustraci\u00f3n, sino que tambi\u00e9n pueden interrumpir tus tareas diarias o afectar la productividad de tu negocio. Por eso, ofrecemos un servicio especializado en <strong>reparaci\u00f3n, mantenimiento preventivo y correctivo<\/strong>, dise\u00f1ado para garantizar que tus equipos siempre est\u00e9n en las mejores condiciones.<\/p>\n\n\n\n<div style=\"height:5px\" aria-hidden=\"true\" class=\"wp-block-spacer\"><\/div>\n\n\n\n<div class=\"wp-block-columns is-layout-flex wp-container-core-columns-is-layout-28f84493 wp-block-columns-is-layout-flex\">\n<div class=\"wp-block-column is-layout-flow wp-block-column-is-layout-flow\">\n<div style=\"height:100px\" aria-hidden=\"true\" class=\"wp-block-spacer\"><\/div>\n<\/div>\n\n\n\n<div class=\"wp-block-column is-layout-flow wp-block-column-is-layout-flow\">\n<figure class=\"wp-block-image size-full\"><img fetchpriority=\"high\" decoding=\"async\" width=\"938\" height=\"938\" src=\"https:\/\/tecnomicros.com\/portal\/wp-content\/uploads\/2024\/11\/1.png\" alt=\"\" class=\"wp-image-679\" srcset=\"https:\/\/tecnomicros.com\/portal\/wp-content\/uploads\/2024\/11\/1.png 938w, https:\/\/tecnomicros.com\/portal\/wp-content\/uploads\/2024\/11\/1-300x300.png 300w, https:\/\/tecnomicros.com\/portal\/wp-content\/uploads\/2024\/11\/1-150x150.png 150w, https:\/\/tecnomicros.com\/portal\/wp-content\/uploads\/2024\/11\/1-768x768.png 768w\" sizes=\"(max-width: 938px) 100vw, 938px\" \/><\/figure>\n<\/div>\n\n\n\n<div class=\"wp-block-column is-layout-flow wp-block-column-is-layout-flow\">\n<div style=\"height:100px\" aria-hidden=\"true\" class=\"wp-block-spacer\"><\/div>\n<\/div>\n<\/div>\n\n\n\n<figure class=\"wp-block-video\"><video height=\"678\" style=\"aspect-ratio: 1356 \/ 678;\" width=\"1356\" autoplay loop muted src=\"https:\/\/tecnomicros.com\/portal\/wp-content\/uploads\/2024\/11\/2.mp4\" playsinline><\/video><\/figure>\n\n\n\n<hr class=\"wp-block-separator has-alpha-channel-opacity\"\/>\n\n\n\n<h3 class=\"wp-block-heading has-text-color has-link-color wp-elements-1ab4d62bfee82520f55f3af118340ef3\" style=\"color:#62c3c6\">\u00bfQu\u00e9 servicios ofrecemos para tus impresoras Canon?<\/h3>\n\n\n\n<div style=\"height:5px\" aria-hidden=\"true\" class=\"wp-block-spacer\"><\/div>\n\n\n\n<p class=\"has-foreground-color has-text-color has-link-color has-medium-font-size wp-elements-17f4b6769e7c2f2bd8ad4c9017adedbd\"><strong>Repuestos originales:<\/strong> Usamos piezas genuinas para asegurar un funcionamiento impecable y prevenir da\u00f1os a largo plazo.<\/p>\n\n\n\n<p class=\"has-foreground-color has-text-color has-link-color has-medium-font-size wp-elements-fc9fe0915d23a7a31638d4673324a803\"><strong>Mantenimiento preventivo y correctivo:<\/strong> Detectamos problemas antes de que se agraven, prolongando la vida \u00fatil de tus equipos.<\/p>\n\n\n\n<p class=\"has-foreground-color has-text-color has-link-color has-medium-font-size wp-elements-29647ae7e60274aec22d09cfe82e39e2\"><strong>Recogida y entrega GRATIS <strong>(Solo para equipos en GARANTIA Canon)<\/strong>:<\/strong> No te preocupes por mover tu equipo; nosotros nos encargamos de todo.<\/p>\n\n\n\n<div style=\"height:5px\" aria-hidden=\"true\" class=\"wp-block-spacer\"><\/div>\n\n\n\n<p class=\"has-text-align-center has-text-color has-link-color has-regular-font-size wp-elements-8c9e27067bf8339024dc16ff8a4782b5\" style=\"color:#063762\"><strong>Nuestros t\u00e9cnicos certificados est\u00e1n capacitados para abordar cualquier problema, desde errores simples hasta fallas complejas. Con a\u00f1os de experiencia trabajando con marcas l\u00edderes como Canon, puedes confiar en que recibir\u00e1s un servicio de alta calidad.<\/strong><\/p>\n\n\n\n<div class=\"wp-block-columns is-layout-flex wp-container-core-columns-is-layout-28f84493 wp-block-columns-is-layout-flex\">\n<div class=\"wp-block-column is-layout-flow wp-block-column-is-layout-flow\">\n<figure class=\"wp-block-video\"><video height=\"640\" style=\"aspect-ratio: 640 \/ 640;\" width=\"640\" autoplay loop muted src=\"https:\/\/tecnomicros.com\/portal\/wp-content\/uploads\/2024\/11\/22.mp4\" playsinline><\/video><\/figure>\n<\/div>\n\n\n\n<div class=\"wp-block-column is-layout-flow wp-block-column-is-layout-flow\">\n<div style=\"height:176px\" aria-hidden=\"true\" class=\"wp-block-spacer\"><\/div>\n\n\n\n<h2 class=\"wp-block-heading\">Cobertura en Medell\u00edn y municipios cercanos<\/h2>\n<\/div>\n<\/div>\n\n\n\n<div style=\"height:10px\" aria-hidden=\"true\" class=\"wp-block-spacer\"><\/div>\n\n\n\n<p class=\"has-text-align-center has-foreground-color has-text-color has-link-color has-medium-font-size wp-elements-54deea9712fd94736116cc5b57660d39\">Atendemos en <strong>Medell\u00edn<\/strong>, as\u00ed como en <strong>Barbosa<\/strong>, <strong>Girardota<\/strong>, <strong>Copacabana<\/strong>, <strong>Bello<\/strong>, <strong>Itag\u00fc\u00ed<\/strong>, <strong>Sabaneta<\/strong>, <strong>Envigado<\/strong>, <strong>La Estrella<\/strong>, y <strong>Caldas<\/strong>. Esta amplia cobertura nos permite ofrecer soluciones r\u00e1pidas y efectivas, est\u00e9s donde est\u00e9s.<\/p>\n\n\n\n<p class=\"has-text-align-center has-foreground-color has-text-color has-link-color has-medium-font-size wp-elements-8caa48bfd6a2d814e79ce2a80b6f11cd\">Sabemos que cada cliente tiene necesidades \u00fanicas, por lo que adaptamos nuestros servicios a tus requerimientos espec\u00edficos. Ya sea para equipos dom\u00e9sticos o impresoras de alto volumen, TecnoMicros tiene la soluci\u00f3n perfecta para ti.<\/p>\n\n\n\n<div style=\"height:10px\" aria-hidden=\"true\" class=\"wp-block-spacer\"><\/div>\n\n\n\n<h3 class=\"wp-block-heading has-text-align-center has-text-color has-link-color wp-elements-af5918efaeceb736f43dcc4c92c3c7c3\" style=\"color:#62c3c6\">\u00a1Cont\u00e1ctanos hoy mismo!<\/h3>\n\n\n\n<div class=\"wp-block-columns is-layout-flex wp-container-core-columns-is-layout-28f84493 wp-block-columns-is-layout-flex\">\n<div class=\"wp-block-column is-layout-flow wp-block-column-is-layout-flow\">\n<div style=\"height:100px\" aria-hidden=\"true\" class=\"wp-block-spacer\"><\/div>\n<\/div>\n\n\n\n<div class=\"wp-block-column is-layout-flow wp-block-column-is-layout-flow\">\n<figure class=\"wp-block-image size-full\"><img fetchpriority=\"high\" decoding=\"async\" width=\"938\" height=\"938\" src=\"https:\/\/tecnomicros.com\/portal\/wp-content\/uploads\/2024\/11\/1.png\" alt=\"\" class=\"wp-image-679\" srcset=\"https:\/\/tecnomicros.com\/portal\/wp-content\/uploads\/2024\/11\/1.png 938w, https:\/\/tecnomicros.com\/portal\/wp-content\/uploads\/2024\/11\/1-300x300.png 300w, https:\/\/tecnomicros.com\/portal\/wp-content\/uploads\/2024\/11\/1-150x150.png 150w, https:\/\/tecnomicros.com\/portal\/wp-content\/uploads\/2024\/11\/1-768x768.png 768w\" sizes=\"(max-width: 938px) 100vw, 938px\" \/><\/figure>\n<\/div>\n\n\n\n<div class=\"wp-block-column is-layout-flow wp-block-column-is-layout-flow\">\n<div style=\"height:100px\" aria-hidden=\"true\" class=\"wp-block-spacer\"><\/div>\n<\/div>\n<\/div>\n\n\n\n<p class=\"has-text-align-center has-foreground-color has-text-color has-link-color has-medium-font-size wp-elements-11327d15cc14b32fb800a47e53cfefa6\">No dejes que los problemas t\u00e9cnicos afecten tu productividad. En <strong>TecnoMicros<\/strong>, estamos listos para ayudarte a recuperar el control de tus equipos.<\/p>\n\n\n\n<p class=\"has-text-align-center has-foreground-color has-text-color has-link-color wp-elements-a1a2b4ced7adff9745058bfd82b917c0\"><a href=\"https:\/\/www.cla.canon.com\/cla\/es\/home\"><strong>https:\/\/www.cla.canon.com\/cla\/es\/home<\/strong><\/a><\/p>\n\n\n\n<div style=\"height:19px\" aria-hidden=\"true\" class=\"wp-block-spacer\"><\/div>\n\n\n\n<p class=\"has-text-align-center has-foreground-color has-text-color has-link-color wp-elements-8c88aa47689df5b6c21a4ad84b16f93b\">\ud83d\udccd Direcci\u00f3n: <strong>Calle 34 # 78-27, Medell\u00edn, Antioquia<\/strong><br>\ud83d\udcde Tel\u00e9fonos: <strong>(4) 444 4293<\/strong> | <strong>318 848 1264<\/strong><br>\ud83d\udce9 Email: <strong><a>servicio_medellin@tecnomicros.co<\/a><\/strong><br>\ud83c\udf10 M\u00e1s informaci\u00f3n en l\u00ednea en <strong><a href=\"https:\/\/tecnomicros.com\/portal\/\">www.tecnomicros.com<\/a><\/strong><\/p>\n\n\n\n<div style=\"height:5px\" aria-hidden=\"true\" class=\"wp-block-spacer\"><\/div>\n\n\n\n<h2 class=\"wp-block-heading has-text-align-center has-text-color has-link-color wp-elements-95510d86813dbaddbf40a16052dc89cc\" style=\"color:#063762\">\u00a1Haz que tus impresoras funcionen como nuevas con TecnoMicros, tu experto en Medell\u00edn!<\/h2>\n\n\n\n<div style=\"height:5px\" aria-hidden=\"true\" class=\"wp-block-spacer\"><\/div>\n\n\n\n<div class=\"wp-block-columns is-layout-flex wp-container-core-columns-is-layout-28f84493 wp-block-columns-is-layout-flex\">\n<div class=\"wp-block-column is-layout-flow wp-block-column-is-layout-flow\">\n<div class=\"wp-block-leadin-hubspot-form-block\">\n\t\t\t\t\t<script>\n\t\t\t\t\t\twindow.hsFormsOnReady = window.hsFormsOnReady || [];\n\t\t\t\t\t\twindow.hsFormsOnReady.push(()=>{\n\t\t\t\t\t\t\thbspt.forms.create({\n\t\t\t\t\t\t\t\tportalId: 48342287,\n\t\t\t\t\t\t\t\tformId: \"3771fa80-a150-4241-82aa-abcd1b640ed6\",\n\t\t\t\t\t\t\t\ttarget: \"#hbspt-form-1777295783000-3780218311\",\n\t\t\t\t\t\t\t\tregion: \"na1\",\n\t\t\t\t\t\t\t\t\n\t\t\t\t\t\t})});\n\t\t\t\t\t<\/script>\n\t\t\t\t\t<div class=\"hbspt-form\" id=\"hbspt-form-1777295783000-3780218311\"><\/div><\/div>\n<\/div>\n<\/div>\n\n\n\n<figure class=\"wp-block-image aligncenter size-large is-resized\"><img decoding=\"async\" width=\"1024\" height=\"373\" src=\"https:\/\/tecnomicros.com\/portal\/wp-content\/uploads\/2024\/11\/Diseno-sin-titulo-9-1024x373.png\" alt=\"\" class=\"wp-image-29\" style=\"width:477px;height:auto\" srcset=\"https:\/\/tecnomicros.com\/portal\/wp-content\/uploads\/2024\/11\/Diseno-sin-titulo-9-1024x373.png 1024w, https:\/\/tecnomicros.com\/portal\/wp-content\/uploads\/2024\/11\/Diseno-sin-titulo-9-300x109.png 300w, https:\/\/tecnomicros.com\/portal\/wp-content\/uploads\/2024\/11\/Diseno-sin-titulo-9-768x280.png 768w, https:\/\/tecnomicros.com\/portal\/wp-content\/uploads\/2024\/11\/Diseno-sin-titulo-9-1536x560.png 1536w, https:\/\/tecnomicros.com\/portal\/wp-content\/uploads\/2024\/11\/Diseno-sin-titulo-9-2048x747.png 2048w\" sizes=\"(max-width: 1024px) 100vw, 1024px\" \/><\/figure>\n\n\n\n<p><\/p>\n","protected":false},"excerpt":{"rendered":"<p>\u00a1TecnoMicros: Soluciones r\u00e1pidas para tus impresoras Canon en Medell\u00edn! En TecnoMicros, entendemos la importancia de tener una impresora Canon que funcione de manera \u00f3ptima. Los problemas t\u00e9cnicos no solo generan frustraci\u00f3n, sino que tambi\u00e9n pueden interrumpir tus tareas diarias o afectar la productividad de tu negocio. Por eso, ofrecemos un servicio especializado en reparaci\u00f3n, mantenimiento [&hellip;]<\/p>\n","protected":false},"author":1,"featured_media":0,"parent":0,"menu_order":0,"comment_status":"closed","ping_status":"closed","template":"","meta":{"content-type":"","_joinchat":[],"footnotes":""},"class_list":["post-488","page","type-page","status-publish","hentry"],"yoast_head":"<!-- This site is optimized with the Yoast SEO plugin v23.9 - https:\/\/yoast.com\/wordpress\/plugins\/seo\/ -->\n<title>Canon Medellin - TecnoMicros<\/title>\n<meta name=\"description\" content=\"Reparaci\u00f3n de impresoras Canon en Medell\u00edn y municipios cercanos. Soluciones r\u00e1pidas, repuestos originales y recogida GRATIS.\" \/>\n<meta name=\"robots\" content=\"index, follow, max-snippet:-1, max-image-preview:large, max-video-preview:-1\" \/>\n<link rel=\"canonical\" href=\"https:\/\/tecnomicros.com\/portal\/index.php\/canon-medellin-reparacion-mantenimiento\/\" \/>\n<meta property=\"og:locale\" content=\"es_ES\" \/>\n<meta property=\"og:type\" content=\"article\" \/>\n<meta property=\"og:title\" content=\"Canon Medellin - TecnoMicros\" \/>\n<meta property=\"og:description\" content=\"Reparaci\u00f3n de impresoras Canon en Medell\u00edn y municipios cercanos. Soluciones r\u00e1pidas, repuestos originales y recogida GRATIS.\" \/>\n<meta property=\"og:url\" content=\"https:\/\/tecnomicros.com\/portal\/index.php\/canon-medellin-reparacion-mantenimiento\/\" \/>\n<meta property=\"og:site_name\" content=\"TecnoMicros\" \/>\n<meta property=\"article:modified_time\" content=\"2025-08-26T01:24:47+00:00\" \/>\n<meta property=\"og:image\" content=\"https:\/\/tecnomicros.com\/portal\/wp-content\/uploads\/2024\/11\/1.png\" \/>\n\t<meta property=\"og:image:width\" content=\"938\" \/>\n\t<meta property=\"og:image:height\" content=\"938\" \/>\n\t<meta property=\"og:image:type\" content=\"image\/png\" \/>\n<meta name=\"twitter:card\" content=\"summary_large_image\" \/>\n<meta name=\"twitter:label1\" content=\"Tiempo de lectura\" \/>\n\t<meta name=\"twitter:data1\" content=\"3 minutos\" \/>\n<script type=\"application\/ld+json\" class=\"yoast-schema-graph\">{\"@context\":\"https:\/\/schema.org\",\"@graph\":[{\"@type\":\"WebPage\",\"@id\":\"https:\/\/tecnomicros.com\/portal\/index.php\/canon-medellin-reparacion-mantenimiento\/\",\"url\":\"https:\/\/tecnomicros.com\/portal\/index.php\/canon-medellin-reparacion-mantenimiento\/\",\"name\":\"Canon Medellin - TecnoMicros\",\"isPartOf\":{\"@id\":\"https:\/\/tecnomicros.com\/portal\/#website\"},\"primaryImageOfPage\":{\"@id\":\"https:\/\/tecnomicros.com\/portal\/index.php\/canon-medellin-reparacion-mantenimiento\/#primaryimage\"},\"image\":{\"@id\":\"https:\/\/tecnomicros.com\/portal\/index.php\/canon-medellin-reparacion-mantenimiento\/#primaryimage\"},\"thumbnailUrl\":\"https:\/\/tecnomicros.com\/portal\/wp-content\/uploads\/2024\/11\/1.png\",\"datePublished\":\"2024-11-30T00:44:13+00:00\",\"dateModified\":\"2025-08-26T01:24:47+00:00\",\"description\":\"Reparaci\u00f3n de impresoras Canon en Medell\u00edn y municipios cercanos. Soluciones r\u00e1pidas, repuestos originales y recogida GRATIS.\",\"breadcrumb\":{\"@id\":\"https:\/\/tecnomicros.com\/portal\/index.php\/canon-medellin-reparacion-mantenimiento\/#breadcrumb\"},\"inLanguage\":\"es\",\"potentialAction\":[{\"@type\":\"ReadAction\",\"target\":[\"https:\/\/tecnomicros.com\/portal\/index.php\/canon-medellin-reparacion-mantenimiento\/\"]}]},{\"@type\":\"ImageObject\",\"inLanguage\":\"es\",\"@id\":\"https:\/\/tecnomicros.com\/portal\/index.php\/canon-medellin-reparacion-mantenimiento\/#primaryimage\",\"url\":\"https:\/\/tecnomicros.com\/portal\/wp-content\/uploads\/2024\/11\/1.png\",\"contentUrl\":\"https:\/\/tecnomicros.com\/portal\/wp-content\/uploads\/2024\/11\/1.png\",\"width\":938,\"height\":938},{\"@type\":\"BreadcrumbList\",\"@id\":\"https:\/\/tecnomicros.com\/portal\/index.php\/canon-medellin-reparacion-mantenimiento\/#breadcrumb\",\"itemListElement\":[{\"@type\":\"ListItem\",\"position\":1,\"name\":\"Portada\",\"item\":\"https:\/\/tecnomicros.com\/portal\/\"},{\"@type\":\"ListItem\",\"position\":2,\"name\":\"Canon Medellin\"}]},{\"@type\":\"WebSite\",\"@id\":\"https:\/\/tecnomicros.com\/portal\/#website\",\"url\":\"https:\/\/tecnomicros.com\/portal\/\",\"name\":\"TecnoMicros\",\"description\":\"\",\"publisher\":{\"@id\":\"https:\/\/tecnomicros.com\/portal\/#organization\"},\"potentialAction\":[{\"@type\":\"SearchAction\",\"target\":{\"@type\":\"EntryPoint\",\"urlTemplate\":\"https:\/\/tecnomicros.com\/portal\/?s={search_term_string}\"},\"query-input\":{\"@type\":\"PropertyValueSpecification\",\"valueRequired\":true,\"valueName\":\"search_term_string\"}}],\"inLanguage\":\"es\"},{\"@type\":\"Organization\",\"@id\":\"https:\/\/tecnomicros.com\/portal\/#organization\",\"name\":\"TecnoMicros\",\"url\":\"https:\/\/tecnomicros.com\/portal\/\",\"logo\":{\"@type\":\"ImageObject\",\"inLanguage\":\"es\",\"@id\":\"https:\/\/tecnomicros.com\/portal\/#\/schema\/logo\/image\/\",\"url\":\"https:\/\/tecnomicros.com\/portal\/wp-content\/uploads\/2024\/11\/Diseno-sin-titulo-9-1.png\",\"contentUrl\":\"https:\/\/tecnomicros.com\/portal\/wp-content\/uploads\/2024\/11\/Diseno-sin-titulo-9-1.png\",\"width\":2400,\"height\":875,\"caption\":\"TecnoMicros\"},\"image\":{\"@id\":\"https:\/\/tecnomicros.com\/portal\/#\/schema\/logo\/image\/\"}}]}<\/script>\n<!-- \/ Yoast SEO plugin. -->","yoast_head_json":{"title":"Canon Medellin - TecnoMicros","description":"Reparaci\u00f3n de impresoras Canon en Medell\u00edn y municipios cercanos. Soluciones r\u00e1pidas, repuestos originales y recogida GRATIS.","robots":{"index":"index","follow":"follow","max-snippet":"max-snippet:-1","max-image-preview":"max-image-preview:large","max-video-preview":"max-video-preview:-1"},"canonical":"https:\/\/tecnomicros.com\/portal\/index.php\/canon-medellin-reparacion-mantenimiento\/","og_locale":"es_ES","og_type":"article","og_title":"Canon Medellin - TecnoMicros","og_description":"Reparaci\u00f3n de impresoras Canon en Medell\u00edn y municipios cercanos. Soluciones r\u00e1pidas, repuestos originales y recogida GRATIS.","og_url":"https:\/\/tecnomicros.com\/portal\/index.php\/canon-medellin-reparacion-mantenimiento\/","og_site_name":"TecnoMicros","article_modified_time":"2025-08-26T01:24:47+00:00","og_image":[{"width":938,"height":938,"url":"https:\/\/tecnomicros.com\/portal\/wp-content\/uploads\/2024\/11\/1.png","type":"image\/png"}],"twitter_card":"summary_large_image","twitter_misc":{"Tiempo de lectura":"3 minutos"},"schema":{"@context":"https:\/\/schema.org","@graph":[{"@type":"WebPage","@id":"https:\/\/tecnomicros.com\/portal\/index.php\/canon-medellin-reparacion-mantenimiento\/","url":"https:\/\/tecnomicros.com\/portal\/index.php\/canon-medellin-reparacion-mantenimiento\/","name":"Canon Medellin - TecnoMicros","isPartOf":{"@id":"https:\/\/tecnomicros.com\/portal\/#website"},"primaryImageOfPage":{"@id":"https:\/\/tecnomicros.com\/portal\/index.php\/canon-medellin-reparacion-mantenimiento\/#primaryimage"},"image":{"@id":"https:\/\/tecnomicros.com\/portal\/index.php\/canon-medellin-reparacion-mantenimiento\/#primaryimage"},"thumbnailUrl":"https:\/\/tecnomicros.com\/portal\/wp-content\/uploads\/2024\/11\/1.png","datePublished":"2024-11-30T00:44:13+00:00","dateModified":"2025-08-26T01:24:47+00:00","description":"Reparaci\u00f3n de impresoras Canon en Medell\u00edn y municipios cercanos. Soluciones r\u00e1pidas, repuestos originales y recogida GRATIS.","breadcrumb":{"@id":"https:\/\/tecnomicros.com\/portal\/index.php\/canon-medellin-reparacion-mantenimiento\/#breadcrumb"},"inLanguage":"es","potentialAction":[{"@type":"ReadAction","target":["https:\/\/tecnomicros.com\/portal\/index.php\/canon-medellin-reparacion-mantenimiento\/"]}]},{"@type":"ImageObject","inLanguage":"es","@id":"https:\/\/tecnomicros.com\/portal\/index.php\/canon-medellin-reparacion-mantenimiento\/#primaryimage","url":"https:\/\/tecnomicros.com\/portal\/wp-content\/uploads\/2024\/11\/1.png","contentUrl":"https:\/\/tecnomicros.com\/portal\/wp-content\/uploads\/2024\/11\/1.png","width":938,"height":938},{"@type":"BreadcrumbList","@id":"https:\/\/tecnomicros.com\/portal\/index.php\/canon-medellin-reparacion-mantenimiento\/#breadcrumb","itemListElement":[{"@type":"ListItem","position":1,"name":"Portada","item":"https:\/\/tecnomicros.com\/portal\/"},{"@type":"ListItem","position":2,"name":"Canon Medellin"}]},{"@type":"WebSite","@id":"https:\/\/tecnomicros.com\/portal\/#website","url":"https:\/\/tecnomicros.com\/portal\/","name":"TecnoMicros","description":"","publisher":{"@id":"https:\/\/tecnomicros.com\/portal\/#organization"},"potentialAction":[{"@type":"SearchAction","target":{"@type":"EntryPoint","urlTemplate":"https:\/\/tecnomicros.com\/portal\/?s={search_term_string}"},"query-input":{"@type":"PropertyValueSpecification","valueRequired":true,"valueName":"search_term_string"}}],"inLanguage":"es"},{"@type":"Organization","@id":"https:\/\/tecnomicros.com\/portal\/#organization","name":"TecnoMicros","url":"https:\/\/tecnomicros.com\/portal\/","logo":{"@type":"ImageObject","inLanguage":"es","@id":"https:\/\/tecnomicros.com\/portal\/#\/schema\/logo\/image\/","url":"https:\/\/tecnomicros.com\/portal\/wp-content\/uploads\/2024\/11\/Diseno-sin-titulo-9-1.png","contentUrl":"https:\/\/tecnomicros.com\/portal\/wp-content\/uploads\/2024\/11\/Diseno-sin-titulo-9-1.png","width":2400,"height":875,"caption":"TecnoMicros"},"image":{"@id":"https:\/\/tecnomicros.com\/portal\/#\/schema\/logo\/image\/"}}]}},"_links":{"self":[{"href":"https:\/\/tecnomicros.com\/portal\/index.php\/wp-json\/wp\/v2\/pages\/488","targetHints":{"allow":["GET"]}}],"collection":[{"href":"https:\/\/tecnomicros.com\/portal\/index.php\/wp-json\/wp\/v2\/pages"}],"about":[{"href":"https:\/\/tecnomicros.com\/portal\/index.php\/wp-json\/wp\/v2\/types\/page"}],"author":[{"embeddable":true,"href":"https:\/\/tecnomicros.com\/portal\/index.php\/wp-json\/wp\/v2\/users\/1"}],"replies":[{"embeddable":true,"href":"https:\/\/tecnomicros.com\/portal\/index.php\/wp-json\/wp\/v2\/comments?post=488"}],"version-history":[{"count":38,"href":"https:\/\/tecnomicros.com\/portal\/index.php\/wp-json\/wp\/v2\/pages\/488\/revisions"}],"predecessor-version":[{"id":737,"href":"https:\/\/tecnomicros.com\/portal\/index.php\/wp-json\/wp\/v2\/pages\/488\/revisions\/737"}],"wp:attachment":[{"href":"https:\/\/tecnomicros.com\/portal\/index.php\/wp-json\/wp\/v2\/media?parent=488"}],"curies":[{"name":"wp","href":"https:\/\/api.w.org\/{rel}","templated":true}]}}